{"id":55942,"date":"2025-04-01T16:01:40","date_gmt":"2025-04-01T15:01:40","guid":{"rendered":"https:\/\/vivitek.eu\/fr\/?post_type=product&#038;p=55942"},"modified":"2026-01-05T10:22:06","modified_gmt":"2026-01-05T10:22:06","slug":"novods-studio-express","status":"publish","type":"product","link":"https:\/\/vivitek.eu\/fr\/product\/novods-studio-express\/","title":{"rendered":"NovoDS Studio Express"},"content":{"rendered":"<div data-aos=\"fade-up\" id=\"product-hero-banner-block_30d2edfeb8269cef1533a04ebdf01576\" class=\"pb-8 md:pb-0 lg:-mt-[168px] relative product-hero-banner bg-white text-brand-gray-600  \" >\n\n    <div class=\"container mx-auto md:grid md:grid-cols-2 gap-16 md:h-[450px] lg:h-[720px] swiper-slide\">\n        <div class=\"pt-8 pb-6 md:py-0 flex items-center justify-center text-center md:justify-start md:text-left\">\n            <div>\n                <h2 class=\"text-[20px] lg:text-2xl font-bold text-brand-gray-600\">NovoDS Studio Express<\/h2>\n                <h3 class=\"text-[30px] lg:text-3xl font-bold text-brand-gray-600\">Mettez instantan\u00e9ment \u00e0 jour votre affichage dynamique depuis n\u2019importe quel appareil<\/h3>\n            <\/div>\n        <\/div>\n        <div class=\"flex items-center\">\n                            <img decoding=\"async\" src=\"https:\/\/production.vivitek-api.hws7.nl\/files\/media\/original\/3876\/Vivitek_NovoDS_Studio_Express.png\" alt=\"NovoDS Studio Express\" title=\"\">\n                    <\/div>\n    <\/div>\n\n<\/div>\n\n\n<div data-aos=\"fade\" id=\"columned-content-block_87a69ee527ed7a229840e0fc2c7b3e76\" class=\"overflow-hidden !pb-14 lg:!pb-32 relative columned-content bg-white text-brand-gray-600 pt-0 pb-0\" >\n\n\t<div class=\"relative z-10 mx-auto container\">\n\n\t\t\n\t\t\n\t\t<h2 class=\"text-lg lg:text-xl xl:text-2xl font-bold md:pb-8 pb-6\">Mettez instantan\u00e9ment \u00e0 jour votre affichage dynamique depuis n\u2019importe quel appareil<\/h2>\n\n\t\t<div class=\"grid gap-12  items-center  grid-cols-1 md:grid-cols-2\">\n\t\t\t\t\n\t\t\t\t\t\n\t\t\t\t\t\t<div class=\"prose max-w-none order-1 col-span-1 md:order-1 md:col-span-1\">\n\t\t\t\t\t\t\t<p>Cr\u00e9ez ou mettez \u00e0 jour vos messages d\u2019affichage dynamique en temps r\u00e9el, directement depuis votre navigateur web, en toute simplicit\u00e9 !<br \/>\nQue vous soyez sur mobile ou sur ordinateur, les utilisateurs autoris\u00e9s peuvent actualiser le contenu instantan\u00e9ment, garantissant que vos messages les plus r\u00e9cents soient toujours diffus\u00e9s.<\/p>\n<p>Studio Express est con\u00e7u pour \u00eatre facile \u00e0 utiliser tout en restant s\u00e9curis\u00e9. Il fonctionne sur les appareils NovoDS, permettant un acc\u00e8s fluide depuis un t\u00e9l\u00e9phone mobile ou un ordinateur portable pour mettre \u00e0 jour le contenu ou contr\u00f4ler la lecture en quelques clics seulement.<\/p>\n\n\n\t\t\t\t\t\t\t\t\t\t\t\t\t<\/div>\n\n\t\t\t\t\t\t\n\t\t\t\t\n\t\t\t\t\t\n\t\t\t\t\t\t<div class=\"flex items-center justify-center order-1 col-span-1 md:order-2 md:col-span-1\">\n\t\t\t\t\t\t\t<img decoding=\"async\" class=\"max-w-[90%] md:w-full h-auto\" src=\"https:\/\/vivitek.eu\/wp-content\/uploads\/2025\/04\/digital-menu-display-modern-restaurant-interior-scaled.png\" alt=\"\" title=\"\">\n\t\t\t\t\t\t<\/div>\n\n\t\t\t\t\t\n\t\t\t\t\n\t\t<\/div>\n\n\t<\/div>\n\n\t\n\t<\/div>\n\n\n<div data-aos=\"fade-up\" id=\"full-width-cta-block_0c150acd7dc2ace9ce6c7f4ba150d749\" class=\"relative full-width-cta bg-white text-brand-gray-600 pt-0 pb-0\" >\n\n    <div class=\"py-16 md:py-28 bg-gradient-to-r from-brand-green from-20% to-brand-blue to-70%  \">\n\n        <div class=\"container text-center text-white\">\n            <h2 class=\"text-lg lg:text-xl xl:text-2xl font-bold pb-4\">Consultez plus d\u2019informations sur :<\/h2>\n\n            \n            <div class=\"flex flex-wrap justify-center gap-4 pt-4 md:gap-8\">\n                                                            <a href=\"https:\/\/support.launchnovo.com\/kb\/what-is-studio-express\/\" target=\"\" class=\"button button--white\" rel=\"noopener\">\n                            launchnovo.com\n                        <\/a>\n                                                <\/div>\n        <\/div>\n    <\/div>\n<\/div>\n\n\n<div data-aos=\"fade\" id=\"cta-slider-block_c110c2667ac688abbfcc1fad0e401625\" class=\"relative cta-slider bg-white text-brand-gray-600 pt-0 pb-0\" >\n\n\t<div class=\"relative overflow-hidden z-20\">\n\t\n\t\t<div class=\"container relative z-20 py-6 md:py-32\">\n\t\t\t<div class=\"block md:flex md:items-center\">\n\t\t\t\t<div class=\"w-full md:w-2\/5\">\n\t\t\t\t\t\n\n\t\t\t\t\t<div class=\"overflow-hidden cta-slider-slider cursor-grab\">\n\t\t\t\t\t\t<div class=\"swiper-wrapper\">\n\t\t\t\t\t\t\t\t\t\t\t\t\t\t\t\n\t\t\t\t\t\t\t\t<div class=\"swiper-slide\">\n\t\t\t\t\t\t\t\t\t<h3 class=\"pb-6 text-lg font-bold lg:text-xl md:pb-8\">Innovations, durabilit\u00e9 et responsabilit\u00e9<\/h3>\n\t\t\t\t\t\t\t\t\t<p class=\"p1\">Chez Delta et Vivitek, l\u2019innovation est \u00e9troitement li\u00e9e \u00e0 la responsabilit\u00e9 environnementale.<br \/>\nNotre objectif est d\u2019offrir un espace de travail connect\u00e9 de la mani\u00e8re la plus durable possible.<\/p>\n\n\t\t\t\t\t\t\t\t\t<div class=\"flex flex-wrap gap-4 pt-6 md:pt-8 md:gap-8\">\n\t\t\t\t\t\t\t\t\t\t\t\t\t\t\t\t\t\t\t\t\t\t\t\t\t\t\t\t\t\t\t\t\t<a href=\"https:\/\/vivitek.eu\/fr\/adopter-une-vision-visant-a-offrir-un-espace-de-travail-connecte-de-la-maniere-la-plus-durable-possible\/\" target=\"\" class=\"button\">En savoir plus<\/a>\n\t\t\t\t\t\t\t\t\t\t\t\t\t\t\t\t\t\t\t\t\t\t\t\t\t\t\t\t\t\t\t\t\t\t\t\t\t\t\t\t\t\t\t\t<a href=\"https:\/\/vivitek.eu\/contact-us\/\" target=\"\" class=\"button\">Demande de renseignement<\/a>\n\t\t\t\t\t\t\t\t\t\t\t\t\t\t\t\t\t\t\t\t\t\t\t\t\t\t\t\t\t\t<\/div>\n\t\t\t\t\t\t\t\t<\/div>\n\t\t\t\t\t\t\t\t\t\t\t\t\t\t\t\n\t\t\t\t\t\t\t\t<div class=\"swiper-slide\">\n\t\t\t\t\t\t\t\t\t<h3 class=\"pb-6 text-lg font-bold lg:text-xl md:pb-8\">Contactez-nous<\/h3>\n\t\t\t\t\t\t\t\t\t<p class=\"p1\">Nous accordons une grande importance \u00e0 vos retours et sommes impatients de conna\u00eetre vos commentaires et suggestions.<br \/>\nVos remarques jouent un r\u00f4le essentiel dans l\u2019am\u00e9lioration de notre exp\u00e9rience client.<br \/>\nContactez-nous d\u00e8s aujourd\u2019hui \u2014 ensemble, nous pouvons faire encore mieux !<\/p>\n\n\t\t\t\t\t\t\t\t\t<div class=\"flex flex-wrap gap-4 pt-6 md:pt-8 md:gap-8\">\n\t\t\t\t\t\t\t\t\t\t\t\t\t\t\t\t\t\t\t\t\t\t\t\t\t\t\t\t\t\t\t\t\t<a href=\"https:\/\/vivitek.eu\/contact-us\/\" target=\"\" class=\"button\">Demande de renseignement<\/a>\n\t\t\t\t\t\t\t\t\t\t\t\t\t\t\t\t\t\t\t\t\t\t\t\t\t\t\t\t\t\t<\/div>\n\t\t\t\t\t\t\t\t<\/div>\n\t\t\t\t\t\t\t\t\t\t\t\t\t<\/div>\n\t\t\t\t\t\t<div class=\"hidden lg:block mx-1 mt-12 cta-slider-scrollbar\"><\/div>\n\t\t\t\t\t<\/div>\n\t\t\t\t<\/div>\n\n\t\t\t\t\n\t\t\t\t<div class=\"block lg:hidden relative top-0 right-0 object-cover object-center w-full md:w-3\/5 h-1\/2 md:h-full\">\n\t\t\t\t\t<div class=\"absolute w-full h-full bg-gradient-to-b from-white z-10\"><\/div>\n\t\t\t\t\t<div class=\"md:h-full overflow-hidden cta-slider-slider-mobile cursor-grab\">\n\t\t\t\t\t\t<div class=\"swiper-wrapper\">\n\t\t\t\t\t\t\t\t\t\t\t\t\t\t\t<div class=\"swiper-slide\">\n\t\t\t\t\t\t\t\t\t<img loading=\"lazy\" decoding=\"async\" width=\"1200\" height=\"800\" src=\"https:\/\/vivitek.eu\/wp-content\/uploads\/2023\/10\/greener.jpg\" class=\"object-center object-cover h-full w-auto\" alt=\"\" srcset=\"https:\/\/vivitek.eu\/wp-content\/uploads\/2023\/10\/greener.jpg 1200w, https:\/\/vivitek.eu\/wp-content\/uploads\/2023\/10\/greener-300x200.jpg 300w, https:\/\/vivitek.eu\/wp-content\/uploads\/2023\/10\/greener-1024x683.jpg 1024w, https:\/\/vivitek.eu\/wp-content\/uploads\/2023\/10\/greener-768x512.jpg 768w\" sizes=\"(max-width: 1200px) 100vw, 1200px\" title=\"\">\t\t\t\t\t\t\t\t<\/div>\n\t\t\t\t\t\t\t\t\t\t\t\t\t\t\t<div class=\"swiper-slide\">\n\t\t\t\t\t\t\t\t\t<img loading=\"lazy\" decoding=\"async\" width=\"1933\" height=\"1288\" src=\"https:\/\/vivitek.eu\/wp-content\/uploads\/2023\/10\/side-view-man-using-smartphone.jpg\" class=\"object-center object-cover h-full w-auto\" alt=\"\" srcset=\"https:\/\/vivitek.eu\/wp-content\/uploads\/2023\/10\/side-view-man-using-smartphone.jpg 1933w, https:\/\/vivitek.eu\/wp-content\/uploads\/2023\/10\/side-view-man-using-smartphone-300x200.jpg 300w, https:\/\/vivitek.eu\/wp-content\/uploads\/2023\/10\/side-view-man-using-smartphone-1024x682.jpg 1024w, https:\/\/vivitek.eu\/wp-content\/uploads\/2023\/10\/side-view-man-using-smartphone-768x512.jpg 768w, https:\/\/vivitek.eu\/wp-content\/uploads\/2023\/10\/side-view-man-using-smartphone-1536x1023.jpg 1536w\" sizes=\"(max-width: 1933px) 100vw, 1933px\" title=\"\">\t\t\t\t\t\t\t\t<\/div>\n\t\t\t\t\t\t\t\t\t\t\t\t\t<\/div>\n\t\t\t\t\t<\/div>\n\t\t\t\t<\/div>\n\n\t\t\t<\/div>\n\t\t<\/div>\n\n\t\t\n\t\t<div class=\"hidden lg:block absolute top-0 left-1\/2 right-0 bottom-0\">\n\t\t\t<div class=\"absolute left-0 w-full h-full md:bg-gradient-to-r bg-gradient-to-b from-white z-10\"><\/div>\n\t\t\t<div class=\"md:h-full overflow-hidden cta-slider-slider cursor-grab\">\n\t\t\t\t<div class=\"swiper-wrapper\">\n\t\t\t\t\t\t\t\t\t\t\t<div class=\"swiper-slide bg-no-repeat bg-cover bg-center bg-right\" style=\"background-image: url('https:\/\/vivitek.eu\/wp-content\/uploads\/2023\/10\/greener.jpg')\"><\/div>\n\t\t\t\t\t\t\t\t\t\t\t<div class=\"swiper-slide bg-no-repeat bg-cover bg-center bg-right\" style=\"background-image: url('https:\/\/vivitek.eu\/wp-content\/uploads\/2023\/10\/side-view-man-using-smartphone.jpg')\"><\/div>\n\t\t\t\t\t\t\t\t\t<\/div>\n\t\t\t<\/div>\n\t\t<\/div>\n\n\t\t<div class=\"hidden lg:hidden relative z-20 mx-4 mt-6\">\n\t\t\t<div class=\"mx-1 cta-slider-mobile-scrollbar\"><\/div>\n\t\t<\/div>\n\n\t<\/div>\n\n<\/div>\n","protected":false},"excerpt":{"rendered":"<p>Cr\u00e9ez ou mettez \u00e0 jour vos messages d\u2019affichage dynamique en temps r\u00e9el, directement depuis votre navigateur web, en toute simplicit\u00e9 ! Que vous soyez sur mobile ou sur ordinateur, les utilisateurs autoris\u00e9s peuvent actualiser le contenu instantan\u00e9ment, garantissant que vos messages les plus r\u00e9cents soient toujours diffus\u00e9s. Studio Express est con\u00e7u pour \u00eatre facile \u00e0&#8230;<\/p>\n","protected":false},"featured_media":0,"menu_order":0,"template":"","product-category":[504,508],"product-family":[540],"product-type":[234],"class_list":["post-55942","product","type-product","status-publish","hentry","product-category-digital-signage-player-21-fr","product-category-novods-studio-express-26-fr","product-family-disigital-signage-56-fr","product-type-signalisation-numerique"],"acf":[],"_links":{"self":[{"href":"https:\/\/vivitek.eu\/fr\/wp-json\/wp\/v2\/product\/55942","targetHints":{"allow":["GET"]}}],"collection":[{"href":"https:\/\/vivitek.eu\/fr\/wp-json\/wp\/v2\/product"}],"about":[{"href":"https:\/\/vivitek.eu\/fr\/wp-json\/wp\/v2\/types\/product"}],"wp:attachment":[{"href":"https:\/\/vivitek.eu\/fr\/wp-json\/wp\/v2\/media?parent=55942"}],"wp:term":[{"taxonomy":"product-category","embeddable":true,"href":"https:\/\/vivitek.eu\/fr\/wp-json\/wp\/v2\/product-category?post=55942"},{"taxonomy":"product-family","embeddable":true,"href":"https:\/\/vivitek.eu\/fr\/wp-json\/wp\/v2\/product-family?post=55942"},{"taxonomy":"product-type","embeddable":true,"href":"https:\/\/vivitek.eu\/fr\/wp-json\/wp\/v2\/product-type?post=55942"}],"curies":[{"name":"wp","href":"https:\/\/api.w.org\/{rel}","templated":true}]}}