{"id":55941,"date":"2025-01-21T15:01:35","date_gmt":"2025-01-21T15:01:35","guid":{"rendered":"https:\/\/vivitek.eu\/fr\/?post_type=product&#038;p=55941"},"modified":"2026-01-05T10:22:01","modified_gmt":"2026-01-05T10:22:01","slug":"novods-cloud","status":"publish","type":"product","link":"https:\/\/vivitek.eu\/fr\/product\/novods-cloud\/","title":{"rendered":"NovoDS Cloud"},"content":{"rendered":"<div data-aos=\"fade-up\" id=\"product-hero-banner-block_9183741747e77bdfccee26e02e89be6a\" class=\"pb-8 md:pb-0 lg:-mt-[168px] relative product-hero-banner bg-white text-brand-gray-600  \" >\n\n    <div class=\"container mx-auto md:grid md:grid-cols-2 gap-16 md:h-[450px] lg:h-[720px] swiper-slide\">\n        <div class=\"pt-8 pb-6 md:py-0 flex items-center justify-center text-center md:justify-start md:text-left\">\n            <div>\n                <h2 class=\"text-[20px] lg:text-2xl font-bold text-brand-gray-600\">NovoDS Cloud<\/h2>\n                <h3 class=\"text-[30px] lg:text-3xl font-bold text-brand-gray-600\">Solution d\u2019affichage dynamique bas\u00e9e sur le cloud<\/h3>\n            <\/div>\n        <\/div>\n        <div class=\"flex items-center\">\n                            <img decoding=\"async\" src=\"https:\/\/production.vivitek-api.hws7.nl\/files\/media\/original\/3854\/Vivitek_NovoDS_Cloud.png\" alt=\"NovoDS Cloud\" title=\"\">\n                    <\/div>\n    <\/div>\n\n<\/div>\n\n\n<div data-aos=\"fade\" id=\"columned-content-block_bd66ae3e7975be40b5d8cbe02b159b73\" class=\"overflow-hidden !pb-14 lg:!pb-32 relative columned-content bg-white text-brand-gray-600 pt-0 pb-0\" >\n\n\t<div class=\"relative z-10 mx-auto container\">\n\n\t\t\n\t\t\n\t\t<h2 class=\"text-lg lg:text-xl xl:text-2xl font-bold md:pb-8 pb-6\">Faites passer votre message, captez votre audience<\/h2>\n\n\t\t<div class=\"grid gap-12  items-center  grid-cols-1 md:grid-cols-2\">\n\t\t\t\t\n\t\t\t\t\t\n\t\t\t\t\t\t<div class=\"prose max-w-none order-1 col-span-1 md:order-1 md:col-span-1\">\n\t\t\t\t\t\t\t<p>Pour la gestion \u00e0 distance des appareils et du contenu via Internet. Ce service cloud, simple d\u2019utilisation et bas\u00e9 sur les r\u00f4les, permet aux administrateurs, \u00e9diteurs et concepteurs de g\u00e9rer des listes de lecture, configurer des appareils, cr\u00e9er des comptes utilisateurs, et bien plus encore, depuis n\u2019importe o\u00f9 disposant d\u2019une connexion Internet. NovoDS peut \u00eatre d\u00e9ploy\u00e9 comme solution cloud publique ou sur votre propre serveur.<\/p>\n\n\n\t\t\t\t\t\t\t\t\t\t\t\t\t<\/div>\n\n\t\t\t\t\t\t\n\t\t\t\t\n\t\t\t\t\t\n\t\t\t\t\t\t<div class=\"flex items-center justify-center order-1 col-span-1 md:order-2 md:col-span-1\">\n\t\t\t\t\t\t\t<img decoding=\"async\" class=\"max-w-[90%] md:w-full h-auto\" src=\"https:\/\/vivitek.eu\/wp-content\/uploads\/2025\/01\/Vivitek_Digital_Signage_05.png\" alt=\"\" title=\"\">\n\t\t\t\t\t\t<\/div>\n\n\t\t\t\t\t\n\t\t\t\t\n\t\t<\/div>\n\n\t<\/div>\n\n\t\n\t<\/div>\n\n\n<div data-aos=\"fade\" id=\"columned-content-block_025926ff3e1d7454f32eb9c3f13d5f3a\" class=\"overflow-hidden !pb-14 lg:!pb-32 relative columned-content bg-brand-gray-300 text-brand-gray-600 pt-10 lg:pt-12 pb-0\" >\n\n\t<div class=\"relative z-10 mx-auto container\">\n\n\t\t\n\t\t\n\t\t<h2 class=\"text-lg lg:text-xl xl:text-2xl font-bold md:pb-8 pb-6\">G\u00e9n\u00e9rateur d\u2019images IA<\/h2>\n\n\t\t<div class=\"grid gap-12  items-center  grid-cols-1 md:grid-cols-2\">\n\t\t\t\t\n\t\t\t\t\t\n\t\t\t\t\t\t<div class=\"prose max-w-none order-1 col-span-1 md:order-1 md:col-span-1\">\n\t\t\t\t\t\t\t<p data-start=\"0\" data-end=\"274\">Le G\u00e9n\u00e9rateur d\u2019Images IA dans NovoDS Cloud facilite plus que jamais la cr\u00e9ation de visuels personnalis\u00e9s \u2014 simplement en saisissant une description. Transformez instantan\u00e9ment vos id\u00e9es en images uniques et de haute qualit\u00e9, directement int\u00e9gr\u00e9es \u00e0 vos mod\u00e8les d\u2019affichage.<\/p>\n<p data-start=\"276\" data-end=\"410\" data-is-last-node=\"\" data-is-only-node=\"\">Cet outil puissant vous aide \u00e0 concevoir du contenu attrayant plus rapidement \u2014 sans avoir besoin d\u2019un logiciel de cr\u00e9ation graphique.<\/p>\n\n\n\t\t\t\t\t\t\t\t\t\t\t\t\t<\/div>\n\n\t\t\t\t\t\t\n\t\t\t\t\n\t\t\t\t\t\n\t\t\t\t\t\t<div class=\"flex items-center justify-center order-1 col-span-1 md:order-2 md:col-span-1\">\n\t\t\t\t\t\t\t<img decoding=\"async\" class=\"max-w-[90%] md:w-full h-auto\" src=\"https:\/\/vivitek.eu\/wp-content\/uploads\/2025\/07\/VVK-HEADER-WEBSITE-AI-TOOL-2025-1920x1080px-RGB-EN-EN-V1.png\" alt=\"\" title=\"\">\n\t\t\t\t\t\t<\/div>\n\n\t\t\t\t\t\n\t\t\t\t\n\t\t<\/div>\n\n\t<\/div>\n\n\t\n\t<\/div>\n\n\n<div id=\"feature-banner-gradients-block_bcd183c3d37298d49db5b7a7bb9320e3\" class=\"relative feature-banner-gradients bg-white text-brand-gray-600 pt-0 pb-0\" >\n\n\t<div id=\"features\" class=\"scroll-mt-16 lg:scroll-mt-72\"><\/div>\n\n\t<div class=\"relative from-white\">\n\n\t\t<img decoding=\"async\" src=\"\" alt=\"\" class=\"absolute bottom-0 object-cover object-center w-full h-1\/2 md:h-full\" title=\"\">\n\t\t<div class=\"block absolute w-full h-full md:bg-gradient-to-r bg-gradient-to-b from-white from-50% md:from-65% lg:from-50%\"><\/div>\n\n\t\t<div class=\"container relative grid gap-10 py-8 md:gap-24 md:grid-cols-2 xl:grid-cols-3 md:py-28 wysiwyg\">\n\t\t\t<div>\n\t\t\t\t<div class=\"flex flex-col gap-12 md:gap-24\">\n\t\t\t\t\t\t\t\t\t\t\t\t\t\t\t\t\n\t\t\t\t<\/div>\n\t\t\t<\/div>\n\t\t\t<div class=\"xl:col-span-2\">\n\t\t\t\t\t\t\t\t\t<div class=\"grid gap-4 md:gap-12 sm:grid-cols-2 xl:grid-cols-3 md:gap-y-16\">\n\t\t\t\t\t\t\t\t\t\t\t\t\t\t\t\t\t\t\t\t\t\t\t\t\t\t\t\t\t<div class=\"relative aspect-square text-center rounded-lg p-4 flex flex-col items-center text-white gap-6 justify-center bg-gradient-to-br from-brand-green from-30% to-90% to-brand-blue\">\n\t\t\t\t\t\t\t\t\t\t<div class=\"aspect-square flex items-center justify-center max-w-[120px] sm:max-w-[60px] 2xl:max-w-[120px]\">\n\t\t\t\t\t\t\t\t\t\t\t\t\t\t\t\t\t\t\t\t\t\t\t<img decoding=\"async\" src=\"https:\/\/vivitek.eu\/wp-content\/uploads\/2025\/01\/Access-from-Anywhere.png\" alt=\"\" class=\"w-full h-auto\" title=\"\">\n\t\t\t\t\t\t\t\t\t\t\t\t\t\t\t\t\t\t\t\t\t<\/div>\n\t\t\t\t\t\t\t\t\t\t<p class=\"text-base font-bold\">Acc\u00e8s o\u00f9 que vous soyez<\/p>\n\t\t\t\t\t\t\t\t\t<\/div>\n\t\t\t\t\t\t\t\t\t\t\t\t\t\t\t\t\t\t\t\t\t\t\t\t\t\t\t\t\t\t\t\t\t\t\t\t<div class=\"relative aspect-square text-center rounded-lg p-4 flex flex-col items-center text-white gap-6 justify-center bg-gradient-to-br from-brand-green from-30% to-90% to-brand-blue\">\n\t\t\t\t\t\t\t\t\t\t<div class=\"aspect-square flex items-center justify-center max-w-[120px] sm:max-w-[60px] 2xl:max-w-[120px]\">\n\t\t\t\t\t\t\t\t\t\t\t\t\t\t\t\t\t\t\t\t\t\t\t<img decoding=\"async\" src=\"https:\/\/vivitek.eu\/wp-content\/uploads\/2025\/01\/Role-based-Access-Control.png\" alt=\"\" class=\"w-full h-auto\" title=\"\">\n\t\t\t\t\t\t\t\t\t\t\t\t\t\t\t\t\t\t\t\t\t<\/div>\n\t\t\t\t\t\t\t\t\t\t<p class=\"text-base font-bold\">Contr\u00f4le d\u2019acc\u00e8s bas\u00e9 sur les r\u00f4les<\/p>\n\t\t\t\t\t\t\t\t\t<\/div>\n\t\t\t\t\t\t\t\t\t\t\t\t\t\t\t\t\t\t\t\t\t\t\t\t\t\t\t\t\t\t\t\t\t\t\t\t<div class=\"relative aspect-square text-center rounded-lg p-4 flex flex-col items-center text-white gap-6 justify-center bg-gradient-to-br from-brand-green from-30% to-90% to-brand-blue\">\n\t\t\t\t\t\t\t\t\t\t<div class=\"aspect-square flex items-center justify-center max-w-[120px] sm:max-w-[60px] 2xl:max-w-[120px]\">\n\t\t\t\t\t\t\t\t\t\t\t\t\t\t\t\t\t\t\t\t\t\t\t<img decoding=\"async\" src=\"https:\/\/vivitek.eu\/wp-content\/uploads\/2025\/01\/Two-Deployment-Options.png\" alt=\"\" class=\"w-full h-auto\" title=\"\">\n\t\t\t\t\t\t\t\t\t\t\t\t\t\t\t\t\t\t\t\t\t<\/div>\n\t\t\t\t\t\t\t\t\t\t<p class=\"text-base font-bold\">Deux options de d\u00e9ploiement<\/p>\n\t\t\t\t\t\t\t\t\t<\/div>\n\t\t\t\t\t\t\t\t\t\t\t\t\t\t\t\t\t\t<\/div>\n\t\t\t\t\t\t\t<\/div>\n\t\t<\/div>\n\t<\/div>\n<\/div>\n\n\n<div data-aos=\"fade\" id=\"columned-content-block_f878b11c063414bdf2596e5010870ce8\" class=\"overflow-hidden !pb-14 lg:!pb-32 relative columned-content bg-white text-brand-gray-600 pt-10 lg:pt-12 pb-10 lg:pb-12\" >\n\n\t<div class=\"relative z-10 mx-auto container\">\n\n\t\t\n\t\t\n\t\t<h2 class=\"text-lg lg:text-xl xl:text-2xl font-bold md:pb-8 pb-6\">Licences NovoDS Cloud<\/h2>\n\n\t\t<div class=\"grid gap-12  items-center  grid-cols-1 md:grid-cols-2\">\n\t\t\t\t\n\t\t\t\t\t\n\t\t\t\t\t\t<div class=\"prose max-w-none order-1 col-span-1 md:order-1 md:col-span-1\">\n\t\t\t\t\t\t\t<div class=\"flex flex-col text-sm @w-xl\/main:pt-header-height pb-25\">\n<article class=\"text-token-text-primary w-full focus:outline-none [--shadow-height:45px] has-data-writing-block:pointer-events-none has-data-writing-block:-mt-(--shadow-height) has-data-writing-block:pt-(--shadow-height) [&amp;:has([data-writing-block])&gt;*]:pointer-events-auto scroll-mt-[calc(var(--header-height)+min(200px,max(70px,20svh)))]\" dir=\"auto\" tabindex=\"-1\" data-turn-id=\"request-WEB:aee27624-a01c-4406-ac8b-779b87cb313f-41\" data-testid=\"conversation-turn-80\" data-scroll-anchor=\"true\" data-turn=\"assistant\">\n<div class=\"text-base my-auto mx-auto pb-10 [--thread-content-margin:--spacing(4)] @w-sm\/main:[--thread-content-margin:--spacing(6)] @w-lg\/main:[--thread-content-margin:--spacing(16)] px-(--thread-content-margin)\">\n<div class=\"[--thread-content-max-width:40rem] @w-lg\/main:[--thread-content-max-width:48rem] mx-auto max-w-(--thread-content-max-width) flex-1 group\/turn-messages focus-visible:outline-hidden relative flex w-full min-w-0 flex-col agent-turn\" tabindex=\"-1\">\n<div class=\"flex max-w-full flex-col grow\">\n<div class=\"min-h-8 text-message relative flex w-full flex-col items-end gap-2 text-start break-words whitespace-normal [.text-message+&amp;]:mt-1\" dir=\"auto\" data-message-author-role=\"assistant\" data-message-id=\"d3475da9-71fe-4d72-bb65-3dbd8317d4df\" data-message-model-slug=\"gpt-5-1\">\n<div class=\"flex w-full flex-col gap-1 empty:hidden first:pt-[1px]\">\n<div class=\"markdown prose dark:prose-invert w-full break-words light markdown-new-styling\">\n<p data-start=\"0\" data-end=\"210\">NovoDS Cloud est un service bas\u00e9 sur un abonnement qui permet une gestion fluide de l\u2019affichage dynamique via le cloud. Chaque abonnement est associ\u00e9 \u00e0 un seul appareil et est valable pour une dur\u00e9e d\u00e9termin\u00e9e.<\/p>\n<p data-start=\"212\" data-end=\"251\"><strong data-start=\"212\" data-end=\"251\">Formules d\u2019abonnement disponibles :<\/strong><\/p>\n<ul>\n<li data-start=\"253\" data-end=\"391\"><strong data-start=\"253\" data-end=\"286\">NovoDS-Cloud (1 an) \u2013 DSS-CN2<\/strong><br data-start=\"286\" data-end=\"289\" \/>Un code d\u2019abonnement active un appareil pour 1 an.<br data-start=\"339\" data-end=\"342\" \/>Maintenance du serveur cloud fournie par Vivitek.<\/li>\n<li data-start=\"393\" data-end=\"533\"><strong data-start=\"393\" data-end=\"427\">NovoDS-Cloud (3 ans) \u2013 DSS-CN1<\/strong><br data-start=\"427\" data-end=\"430\" \/>Un code d\u2019abonnement active un appareil pour 3 ans.<br data-start=\"481\" data-end=\"484\" \/>Maintenance du serveur cloud fournie par Vivitek.<\/li>\n<li data-start=\"535\" data-end=\"675\"><strong data-start=\"535\" data-end=\"569\">NovoDS-Cloud (5 ans) \u2013 DSS-CN3<\/strong><br data-start=\"569\" data-end=\"572\" \/>Un code d\u2019abonnement active un appareil pour 5 ans.<br data-start=\"623\" data-end=\"626\" \/>Maintenance du serveur cloud fournie par Vivitek.<\/li>\n<\/ul>\n<\/div>\n<\/div>\n<\/div>\n<\/div>\n<div class=\"z-0 flex min-h-[46px] justify-start\"><\/div>\n<div class=\"mt-3 w-full empty:hidden\">\n<div class=\"text-center\"><\/div>\n<\/div>\n<\/div>\n<\/div>\n<\/article>\n<\/div>\n<div class=\"pointer-events-none h-px w-px absolute bottom-0\" aria-hidden=\"true\" data-edge=\"true\"><\/div>\n\n\n\t\t\t\t\t\t\t\t\t\t\t\t\t<\/div>\n\n\t\t\t\t\t\t\n\t\t\t\t\n\t\t\t\t\t\n\t\t\t\t\t\t<div class=\"flex items-center justify-center order-1 col-span-1 md:order-0 md:col-span-1\">\n\t\t\t\t\t\t\t<img decoding=\"async\" class=\"max-w-[90%] md:w-full h-auto\" src=\"https:\/\/vivitek.eu\/wp-content\/uploads\/2024\/01\/NovoConnect-Vivitek-blog-6.png\" alt=\"\" title=\"\">\n\t\t\t\t\t\t<\/div>\n\n\t\t\t\t\t\n\t\t\t\t\n\t\t<\/div>\n\n\t<\/div>\n\n\t\n\t<\/div>\n\n\n<div id=\"title-and-button-block_a2b86516a447a5efd1e6df2a393283f8\" class=\"relative title-and-button bg-brand-gray-300 text-brand-gray-600 pt-10 lg:pt-12 pb-10 lg:pb-12\" >\n\n    <div class=\"container mx-auto\">\n\n        <div class=\"block text-center\">\n            <div class=\"block-title mb-5 text-center\"><h2 class=\"text-lg lg:text-xl font-bold\">Manuel d\u2019utilisateur<\/h2><\/div>\n            <div class=\"button-holder\"><a href=\"https:\/\/support.launchnovo.com\/kb\/novods-cloud\/\" class=\"button\" target=\"_blank\" rel=\"noopener\">Visiter le support<\/a><\/div>        <\/div>\n\n    <\/div>\n\n<\/div>\n\n\n<div data-aos=\"fade-up\" id=\"full-width-cta-block_24e7aaf56676f27cd6bb7628d8a6c01e\" class=\"relative full-width-cta bg-white text-brand-gray-600 pt-0 pb-0\" >\n\n    <div class=\"py-16 md:py-28 bg-gradient-to-r from-brand-green from-20% to-brand-blue to-70%  \">\n\n        <div class=\"container text-center text-white\">\n            <h2 class=\"text-lg lg:text-xl xl:text-2xl font-bold pb-4\">Consultez plus d\u2019informations sur :<\/h2>\n\n            \n            <div class=\"flex flex-wrap justify-center gap-4 pt-4 md:gap-8\">\n                                                            <a href=\"https:\/\/www.novods.com\/index\" target=\"\" class=\"button button--white\" rel=\"noopener\">\n                            NovoDS.com\n                        <\/a>\n                                                <\/div>\n        <\/div>\n    <\/div>\n<\/div>\n\n\n<div data-aos=\"fade\" id=\"cta-slider-block_ad90888ecc8ffd76c55765bd788bcafb\" class=\"relative cta-slider bg-white text-brand-gray-600 pt-0 pb-0\" >\n\n\t<div class=\"relative overflow-hidden z-20\">\n\t\n\t\t<div class=\"container relative z-20 py-6 md:py-32\">\n\t\t\t<div class=\"block md:flex md:items-center\">\n\t\t\t\t<div class=\"w-full md:w-2\/5\">\n\t\t\t\t\t\n\n\t\t\t\t\t<div class=\"overflow-hidden cta-slider-slider cursor-grab\">\n\t\t\t\t\t\t<div class=\"swiper-wrapper\">\n\t\t\t\t\t\t\t\t\t\t\t\t\t\t\t\n\t\t\t\t\t\t\t\t<div class=\"swiper-slide\">\n\t\t\t\t\t\t\t\t\t<h3 class=\"pb-6 text-lg font-bold lg:text-xl md:pb-8\">Innovations, durabilit\u00e9 et responsabilit\u00e9<\/h3>\n\t\t\t\t\t\t\t\t\t<p class=\"p1\">Chez Delta et Vivitek, l\u2019innovation est \u00e9troitement li\u00e9e \u00e0 la responsabilit\u00e9 environnementale.<br \/>\nNotre objectif est d\u2019offrir un espace de travail connect\u00e9 de la mani\u00e8re la plus durable possible.<\/p>\n\n\t\t\t\t\t\t\t\t\t<div class=\"flex flex-wrap gap-4 pt-6 md:pt-8 md:gap-8\">\n\t\t\t\t\t\t\t\t\t\t\t\t\t\t\t\t\t\t\t\t\t\t\t\t\t\t\t\t\t\t\t\t\t<a href=\"https:\/\/vivitek.eu\/fr\/adopter-une-vision-visant-a-offrir-un-espace-de-travail-connecte-de-la-maniere-la-plus-durable-possible\/\" target=\"\" class=\"button\">En savoir plus<\/a>\n\t\t\t\t\t\t\t\t\t\t\t\t\t\t\t\t\t\t\t\t\t\t\t\t\t\t\t\t\t\t\t\t\t\t\t\t\t\t\t\t\t\t\t\t<a href=\"https:\/\/vivitek.eu\/contact-us\/\" target=\"\" class=\"button\">Demande de renseignement<\/a>\n\t\t\t\t\t\t\t\t\t\t\t\t\t\t\t\t\t\t\t\t\t\t\t\t\t\t\t\t\t\t<\/div>\n\t\t\t\t\t\t\t\t<\/div>\n\t\t\t\t\t\t\t\t\t\t\t\t\t\t\t\n\t\t\t\t\t\t\t\t<div class=\"swiper-slide\">\n\t\t\t\t\t\t\t\t\t<h3 class=\"pb-6 text-lg font-bold lg:text-xl md:pb-8\">Contactez-nous<\/h3>\n\t\t\t\t\t\t\t\t\t<p class=\"p1\">Nous accordons une grande importance \u00e0 vos retours et sommes impatients de conna\u00eetre vos commentaires et suggestions.<br \/>\nVos remarques jouent un r\u00f4le essentiel dans l\u2019am\u00e9lioration de notre exp\u00e9rience client.<br \/>\nContactez-nous d\u00e8s aujourd\u2019hui \u2014 ensemble, nous pouvons faire encore mieux !<\/p>\n\n\t\t\t\t\t\t\t\t\t<div class=\"flex flex-wrap gap-4 pt-6 md:pt-8 md:gap-8\">\n\t\t\t\t\t\t\t\t\t\t\t\t\t\t\t\t\t\t\t\t\t\t\t\t\t\t\t\t\t\t\t\t\t<a href=\"https:\/\/vivitek.eu\/contact-us\/\" target=\"\" class=\"button\">Demande de renseignement<\/a>\n\t\t\t\t\t\t\t\t\t\t\t\t\t\t\t\t\t\t\t\t\t\t\t\t\t\t\t\t\t\t<\/div>\n\t\t\t\t\t\t\t\t<\/div>\n\t\t\t\t\t\t\t\t\t\t\t\t\t<\/div>\n\t\t\t\t\t\t<div class=\"hidden lg:block mx-1 mt-12 cta-slider-scrollbar\"><\/div>\n\t\t\t\t\t<\/div>\n\t\t\t\t<\/div>\n\n\t\t\t\t\n\t\t\t\t<div class=\"block lg:hidden relative top-0 right-0 object-cover object-center w-full md:w-3\/5 h-1\/2 md:h-full\">\n\t\t\t\t\t<div class=\"absolute w-full h-full bg-gradient-to-b from-white z-10\"><\/div>\n\t\t\t\t\t<div class=\"md:h-full overflow-hidden cta-slider-slider-mobile cursor-grab\">\n\t\t\t\t\t\t<div class=\"swiper-wrapper\">\n\t\t\t\t\t\t\t\t\t\t\t\t\t\t\t<div class=\"swiper-slide\">\n\t\t\t\t\t\t\t\t\t<img loading=\"lazy\" decoding=\"async\" width=\"1200\" height=\"800\" src=\"https:\/\/vivitek.eu\/wp-content\/uploads\/2023\/10\/greener.jpg\" class=\"object-center object-cover h-full w-auto\" alt=\"\" srcset=\"https:\/\/vivitek.eu\/wp-content\/uploads\/2023\/10\/greener.jpg 1200w, https:\/\/vivitek.eu\/wp-content\/uploads\/2023\/10\/greener-300x200.jpg 300w, https:\/\/vivitek.eu\/wp-content\/uploads\/2023\/10\/greener-1024x683.jpg 1024w, https:\/\/vivitek.eu\/wp-content\/uploads\/2023\/10\/greener-768x512.jpg 768w\" sizes=\"(max-width: 1200px) 100vw, 1200px\" title=\"\">\t\t\t\t\t\t\t\t<\/div>\n\t\t\t\t\t\t\t\t\t\t\t\t\t\t\t<div class=\"swiper-slide\">\n\t\t\t\t\t\t\t\t\t<img loading=\"lazy\" decoding=\"async\" width=\"1933\" height=\"1288\" src=\"https:\/\/vivitek.eu\/wp-content\/uploads\/2023\/10\/side-view-man-using-smartphone.jpg\" class=\"object-center object-cover h-full w-auto\" alt=\"\" srcset=\"https:\/\/vivitek.eu\/wp-content\/uploads\/2023\/10\/side-view-man-using-smartphone.jpg 1933w, https:\/\/vivitek.eu\/wp-content\/uploads\/2023\/10\/side-view-man-using-smartphone-300x200.jpg 300w, https:\/\/vivitek.eu\/wp-content\/uploads\/2023\/10\/side-view-man-using-smartphone-1024x682.jpg 1024w, https:\/\/vivitek.eu\/wp-content\/uploads\/2023\/10\/side-view-man-using-smartphone-768x512.jpg 768w, https:\/\/vivitek.eu\/wp-content\/uploads\/2023\/10\/side-view-man-using-smartphone-1536x1023.jpg 1536w\" sizes=\"(max-width: 1933px) 100vw, 1933px\" title=\"\">\t\t\t\t\t\t\t\t<\/div>\n\t\t\t\t\t\t\t\t\t\t\t\t\t<\/div>\n\t\t\t\t\t<\/div>\n\t\t\t\t<\/div>\n\n\t\t\t<\/div>\n\t\t<\/div>\n\n\t\t\n\t\t<div class=\"hidden lg:block absolute top-0 left-1\/2 right-0 bottom-0\">\n\t\t\t<div class=\"absolute left-0 w-full h-full md:bg-gradient-to-r bg-gradient-to-b from-white z-10\"><\/div>\n\t\t\t<div class=\"md:h-full overflow-hidden cta-slider-slider cursor-grab\">\n\t\t\t\t<div class=\"swiper-wrapper\">\n\t\t\t\t\t\t\t\t\t\t\t<div class=\"swiper-slide bg-no-repeat bg-cover bg-center bg-right\" style=\"background-image: url('https:\/\/vivitek.eu\/wp-content\/uploads\/2023\/10\/greener.jpg')\"><\/div>\n\t\t\t\t\t\t\t\t\t\t\t<div class=\"swiper-slide bg-no-repeat bg-cover bg-center bg-right\" style=\"background-image: url('https:\/\/vivitek.eu\/wp-content\/uploads\/2023\/10\/side-view-man-using-smartphone.jpg')\"><\/div>\n\t\t\t\t\t\t\t\t\t<\/div>\n\t\t\t<\/div>\n\t\t<\/div>\n\n\t\t<div class=\"hidden lg:hidden relative z-20 mx-4 mt-6\">\n\t\t\t<div class=\"mx-1 cta-slider-mobile-scrollbar\"><\/div>\n\t\t<\/div>\n\n\t<\/div>\n\n<\/div>\n","protected":false},"excerpt":{"rendered":"<p>Pour la gestion \u00e0 distance des appareils et du contenu via Internet. Ce service cloud facile \u00e0 utiliser, bas\u00e9 sur les r\u00f4les, permet aux administrateurs, \u00e9diteurs et designers de g\u00e9rer des listes de lecture, configurer des appareils, cr\u00e9er des comptes utilisateurs et bien plus, depuis n\u2019importe o\u00f9 avec une connexion Internet. NovoDS peut \u00eatre d\u00e9ploy\u00e9&#8230;<\/p>\n","protected":false},"featured_media":0,"menu_order":11,"template":"","product-category":[504],"product-family":[540],"product-type":[234],"class_list":["post-55941","product","type-product","status-publish","hentry","product-category-digital-signage-player-21-fr","product-family-disigital-signage-56-fr","product-type-signalisation-numerique"],"acf":[],"_links":{"self":[{"href":"https:\/\/vivitek.eu\/fr\/wp-json\/wp\/v2\/product\/55941","targetHints":{"allow":["GET"]}}],"collection":[{"href":"https:\/\/vivitek.eu\/fr\/wp-json\/wp\/v2\/product"}],"about":[{"href":"https:\/\/vivitek.eu\/fr\/wp-json\/wp\/v2\/types\/product"}],"wp:attachment":[{"href":"https:\/\/vivitek.eu\/fr\/wp-json\/wp\/v2\/media?parent=55941"}],"wp:term":[{"taxonomy":"product-category","embeddable":true,"href":"https:\/\/vivitek.eu\/fr\/wp-json\/wp\/v2\/product-category?post=55941"},{"taxonomy":"product-family","embeddable":true,"href":"https:\/\/vivitek.eu\/fr\/wp-json\/wp\/v2\/product-family?post=55941"},{"taxonomy":"product-type","embeddable":true,"href":"https:\/\/vivitek.eu\/fr\/wp-json\/wp\/v2\/product-type?post=55941"}],"curies":[{"name":"wp","href":"https:\/\/api.w.org\/{rel}","templated":true}]}}