{"id":55937,"date":"2025-04-01T16:01:15","date_gmt":"2025-04-01T15:01:15","guid":{"rendered":"https:\/\/vivitek.eu\/fr\/?post_type=product&#038;p=55937"},"modified":"2026-01-05T10:21:48","modified_gmt":"2026-01-05T10:21:48","slug":"remote-manager-cloud","status":"publish","type":"product","link":"https:\/\/vivitek.eu\/fr\/product\/remote-manager-cloud\/","title":{"rendered":"Remote Manager Cloud"},"content":{"rendered":"<div id=\"feature-banner-block_5a7cb8ec0a1ebf0c3d0bbcbe0a02411e\" class=\"relative feature-banner bg-white text-brand-gray-600 pt-0 pb-0\" >\n\n    <div id=\"depth\" class=\"scroll-mt-16 lg:scroll-mt-72\"><\/div>\n\n            \n        <div class=\"relative from-white\">\n            <img decoding=\"async\" src=\"\" alt=\"\" class=\"object-cover object-center w-full h-full md:absolute\" title=\"\">\n            <div class=\"hidden md:block absolute w-full h-full bg-gradient-to-r from-white md:from-65% lg:from-50%\"><\/div>\n\n            <div class=\"container relative py-8 md:py-28 wysiwyg\">\n                <div class=\"mr-auto md:w-2\/3 lg:w-1\/2\">\n\n                                            <h2 class=\"text-lg lg:text-xl xl:text-2xl font-bold pb-20\">Remote Manager Cloud<\/h2>\n                    \n                    <h2 class=\"mb-6 text-lg font-bold lg:text-[35px]\"><\/h2>\n                    <p><\/p>\n\n                    \n                                    <\/div>\n            <\/div>\n        <\/div>\n    \n<\/div>\n\n\n<div data-aos=\"fade\" id=\"columned-content-block_5a4dddf7f96673ea3321cb41db902189\" class=\"overflow-hidden !pb-14 lg:!pb-32 relative columned-content bg-white text-brand-gray-600 pt-0 pb-0\" >\n\n\t<div class=\"relative z-10 mx-auto container\">\n\n\t\t\n\t\t\n\t\t\n\n\t\t<div class=\"grid gap-12  items-center  grid-cols-1 md:grid-cols-2\">\n\t\t\t\t\n\t\t\t\t\t\n\t\t\t\t\t\t<div class=\"prose max-w-none order-1 col-span-1 md:order-1 md:col-span-1\">\n\t\t\t\t\t\t\t<h2 class=\"p1\"><b>Gestion des appareils de l\u2019\u00e9cosyst\u00e8me Novo<\/b><\/h2>\n<p class=\"p1\">Le Remote Manager Cloud de Vivitek est une plateforme bas\u00e9e sur le cloud, con\u00e7ue pour offrir une gestion, une surveillance et un contr\u00f4le centralis\u00e9s des appareils de l\u2019\u00e9cosyst\u00e8me Novo de Vivitek.<br \/>\nElle permet aux administrateurs informatiques de configurer, mettre \u00e0 jour et d\u00e9panner ces appareils \u00e0 distance, depuis n\u2019importe quel endroit, simplifiant ainsi les op\u00e9rations et garantissant des performances homog\u00e8nes sur l\u2019ensemble des appareils.<\/p>\n<p>&nbsp;<\/p>\n\n\n\t\t\t\t\t\t\t\t\t\t\t\t\t\t\t<div class=\"flex flex-wrap gap-4 md:gap-8\">\n\t\t\t\t\t\t\t\t\t\t\t\t\t\t\t\t\t\t\t\t\t\t\t\t\t\t\t\t<a href=\"https:\/\/support.launchnovo.com\/kb\/software\/\" target=\"\" class=\"button\" rel=\"noopener\">T\u00e9l\u00e9charger Remote Manager <\/a>\n\t\t\t\t\t\t\t\t\t\t\t\t\t\t\t\t\t\t\t\t\t\t\t\t\t\t<\/div>\n\t\t\t\t\t\t\t\t\t\t\t\t\t<\/div>\n\n\t\t\t\t\t\t\n\t\t\t\t\n\t\t\t\t\t\n\t\t\t\t\t\t<div class=\"flex items-center justify-center order-1 col-span-1 md:order-2 md:col-span-1\">\n\t\t\t\t\t\t\t<img decoding=\"async\" class=\"max-w-[90%] md:w-full h-auto\" src=\"https:\/\/vivitek.eu\/wp-content\/uploads\/2025\/03\/Cloud-based-device-management-1.png\" alt=\"\" title=\"\">\n\t\t\t\t\t\t<\/div>\n\n\t\t\t\t\t\n\t\t\t\t\n\t\t<\/div>\n\n\t<\/div>\n\n\t\n\t<\/div>\n\n\n<div data-aos=\"fade\" id=\"columned-content-block_fda3f7ed0bd83c07e4a881874220dbb1\" class=\"overflow-hidden !pb-14 lg:!pb-32 relative columned-content bg-white text-brand-gray-600 pt-0 pb-0\" >\n\n\t<div class=\"relative z-10 mx-auto container\">\n\n\t\t\n\t\t\n\t\t\n\n\t\t<div class=\"grid gap-12  items-center  grid-cols-1 md:grid-cols-2\">\n\t\t\t\t\n\t\t\t\t\t\n\t\t\t\t\t\t<div class=\"prose max-w-none order-1 col-span-1 md:order-2 md:col-span-1\">\n\t\t\t\t\t\t\t<h2 class=\"p1\">Fonctionnalit\u00e9s de Remote Manager Cloud<\/h2>\n<ul>\n<li>\n<p class=\"p1\"><b>GESTION CENTRALIS\u00c9E DES APPAREILS<\/b><strong><br \/>\n<\/strong>Offre un tableau de bord unique et unifi\u00e9 pour surveiller et g\u00e9rer tous les appareils Novo connect\u00e9s.<\/p>\n<\/li>\n<li>\n<p class=\"p1\"><b>\u00c9VOLUTIVIT\u00c9<br \/>\n<\/b>S\u2019adapte facilement pour accueillir un nombre croissant d\u2019appareils Novo.<\/p>\n<\/li>\n<li>\n<p class=\"p1\"><b>RENTABILIT\u00c9<br \/>\n<\/b>Supprime le besoin de gestion co\u00fbteuse de serveurs sur site.<\/p>\n<\/li>\n<\/ul>\n\n\n\t\t\t\t\t\t\t\t\t\t\t\t\t<\/div>\n\n\t\t\t\t\t\t\n\t\t\t\t\n\t\t\t\t\t\n\t\t\t\t\t\t<div class=\"flex items-center justify-center order-1 col-span-1 md:order-1 md:col-span-1\">\n\t\t\t\t\t\t\t<img decoding=\"async\" class=\"max-w-[90%] md:w-full h-auto\" src=\"https:\/\/vivitek.eu\/wp-content\/uploads\/2025\/03\/RMC-illustration.png\" alt=\"\" title=\"\">\n\t\t\t\t\t\t<\/div>\n\n\t\t\t\t\t\n\t\t\t\t\n\t\t<\/div>\n\n\t<\/div>\n\n\t\n\t<\/div>\n\n\n<div data-aos=\"fade\" id=\"cta-slider-block_f3eb0e00312abf78c9a8e360aeb0b1c2\" class=\"relative cta-slider bg-white text-brand-gray-600 pt-0 pb-0\" >\n\n\t<div class=\"relative overflow-hidden z-20\">\n\t\n\t\t<div class=\"container relative z-20 py-6 md:py-32\">\n\t\t\t<div class=\"block md:flex md:items-center\">\n\t\t\t\t<div class=\"w-full md:w-2\/5\">\n\t\t\t\t\t\n\n\t\t\t\t\t<div class=\"overflow-hidden cta-slider-slider cursor-grab\">\n\t\t\t\t\t\t<div class=\"swiper-wrapper\">\n\t\t\t\t\t\t\t\t\t\t\t\t\t\t\t\n\t\t\t\t\t\t\t\t<div class=\"swiper-slide\">\n\t\t\t\t\t\t\t\t\t<h3 class=\"pb-6 text-lg font-bold lg:text-xl md:pb-8\">Innovations, durabilit\u00e9 et responsabilit\u00e9<\/h3>\n\t\t\t\t\t\t\t\t\t<p class=\"p1\">Chez Delta et Vivitek, l\u2019innovation est \u00e9troitement li\u00e9e \u00e0 la responsabilit\u00e9 environnementale.<br \/>\nNotre objectif est d\u2019offrir un espace de travail connect\u00e9 de la mani\u00e8re la plus durable possible.<\/p>\n\n\t\t\t\t\t\t\t\t\t<div class=\"flex flex-wrap gap-4 pt-6 md:pt-8 md:gap-8\">\n\t\t\t\t\t\t\t\t\t\t\t\t\t\t\t\t\t\t\t\t\t\t\t\t\t\t\t\t\t\t\t\t\t<a href=\"https:\/\/vivitek.eu\/fr\/adopter-une-vision-visant-a-offrir-un-espace-de-travail-connecte-de-la-maniere-la-plus-durable-possible\/\" target=\"\" class=\"button\">En savoir plus<\/a>\n\t\t\t\t\t\t\t\t\t\t\t\t\t\t\t\t\t\t\t\t\t\t\t\t\t\t\t\t\t\t\t\t\t\t\t\t\t\t\t\t\t\t\t\t<a href=\"https:\/\/vivitek.eu\/contact-us\/\" target=\"\" class=\"button\">Demande de renseignement<\/a>\n\t\t\t\t\t\t\t\t\t\t\t\t\t\t\t\t\t\t\t\t\t\t\t\t\t\t\t\t\t\t<\/div>\n\t\t\t\t\t\t\t\t<\/div>\n\t\t\t\t\t\t\t\t\t\t\t\t\t\t\t\n\t\t\t\t\t\t\t\t<div class=\"swiper-slide\">\n\t\t\t\t\t\t\t\t\t<h3 class=\"pb-6 text-lg font-bold lg:text-xl md:pb-8\">Contactez-nous<\/h3>\n\t\t\t\t\t\t\t\t\t<p class=\"p1\">Nous accordons une grande importance \u00e0 vos retours et sommes impatients de conna\u00eetre vos commentaires et suggestions.<br \/>\nVos remarques jouent un r\u00f4le essentiel dans l\u2019am\u00e9lioration de notre exp\u00e9rience client.<br \/>\nContactez-nous d\u00e8s aujourd\u2019hui \u2014 ensemble, nous pouvons faire encore mieux !<\/p>\n\n\t\t\t\t\t\t\t\t\t<div class=\"flex flex-wrap gap-4 pt-6 md:pt-8 md:gap-8\">\n\t\t\t\t\t\t\t\t\t\t\t\t\t\t\t\t\t\t\t\t\t\t\t\t\t\t\t\t\t\t\t\t\t<a href=\"https:\/\/vivitek.eu\/contact-us\/\" target=\"\" class=\"button\">Demande de renseignement<\/a>\n\t\t\t\t\t\t\t\t\t\t\t\t\t\t\t\t\t\t\t\t\t\t\t\t\t\t\t\t\t\t<\/div>\n\t\t\t\t\t\t\t\t<\/div>\n\t\t\t\t\t\t\t\t\t\t\t\t\t<\/div>\n\t\t\t\t\t\t<div class=\"hidden lg:block mx-1 mt-12 cta-slider-scrollbar\"><\/div>\n\t\t\t\t\t<\/div>\n\t\t\t\t<\/div>\n\n\t\t\t\t\n\t\t\t\t<div class=\"block lg:hidden relative top-0 right-0 object-cover object-center w-full md:w-3\/5 h-1\/2 md:h-full\">\n\t\t\t\t\t<div class=\"absolute w-full h-full bg-gradient-to-b from-white z-10\"><\/div>\n\t\t\t\t\t<div class=\"md:h-full overflow-hidden cta-slider-slider-mobile cursor-grab\">\n\t\t\t\t\t\t<div class=\"swiper-wrapper\">\n\t\t\t\t\t\t\t\t\t\t\t\t\t\t\t<div class=\"swiper-slide\">\n\t\t\t\t\t\t\t\t\t<img loading=\"lazy\" decoding=\"async\" width=\"1200\" height=\"800\" src=\"https:\/\/vivitek.eu\/wp-content\/uploads\/2023\/10\/greener.jpg\" class=\"object-center object-cover h-full w-auto\" alt=\"\" srcset=\"https:\/\/vivitek.eu\/wp-content\/uploads\/2023\/10\/greener.jpg 1200w, https:\/\/vivitek.eu\/wp-content\/uploads\/2023\/10\/greener-300x200.jpg 300w, https:\/\/vivitek.eu\/wp-content\/uploads\/2023\/10\/greener-1024x683.jpg 1024w, https:\/\/vivitek.eu\/wp-content\/uploads\/2023\/10\/greener-768x512.jpg 768w\" sizes=\"(max-width: 1200px) 100vw, 1200px\" title=\"\">\t\t\t\t\t\t\t\t<\/div>\n\t\t\t\t\t\t\t\t\t\t\t\t\t\t\t<div class=\"swiper-slide\">\n\t\t\t\t\t\t\t\t\t<img loading=\"lazy\" decoding=\"async\" width=\"1933\" height=\"1288\" src=\"https:\/\/vivitek.eu\/wp-content\/uploads\/2023\/10\/side-view-man-using-smartphone.jpg\" class=\"object-center object-cover h-full w-auto\" alt=\"\" srcset=\"https:\/\/vivitek.eu\/wp-content\/uploads\/2023\/10\/side-view-man-using-smartphone.jpg 1933w, https:\/\/vivitek.eu\/wp-content\/uploads\/2023\/10\/side-view-man-using-smartphone-300x200.jpg 300w, https:\/\/vivitek.eu\/wp-content\/uploads\/2023\/10\/side-view-man-using-smartphone-1024x682.jpg 1024w, https:\/\/vivitek.eu\/wp-content\/uploads\/2023\/10\/side-view-man-using-smartphone-768x512.jpg 768w, https:\/\/vivitek.eu\/wp-content\/uploads\/2023\/10\/side-view-man-using-smartphone-1536x1023.jpg 1536w\" sizes=\"(max-width: 1933px) 100vw, 1933px\" title=\"\">\t\t\t\t\t\t\t\t<\/div>\n\t\t\t\t\t\t\t\t\t\t\t\t\t<\/div>\n\t\t\t\t\t<\/div>\n\t\t\t\t<\/div>\n\n\t\t\t<\/div>\n\t\t<\/div>\n\n\t\t\n\t\t<div class=\"hidden lg:block absolute top-0 left-1\/2 right-0 bottom-0\">\n\t\t\t<div class=\"absolute left-0 w-full h-full md:bg-gradient-to-r bg-gradient-to-b from-white z-10\"><\/div>\n\t\t\t<div class=\"md:h-full overflow-hidden cta-slider-slider cursor-grab\">\n\t\t\t\t<div class=\"swiper-wrapper\">\n\t\t\t\t\t\t\t\t\t\t\t<div class=\"swiper-slide bg-no-repeat bg-cover bg-center bg-right\" style=\"background-image: url('https:\/\/vivitek.eu\/wp-content\/uploads\/2023\/10\/greener.jpg')\"><\/div>\n\t\t\t\t\t\t\t\t\t\t\t<div class=\"swiper-slide bg-no-repeat bg-cover bg-center bg-right\" style=\"background-image: url('https:\/\/vivitek.eu\/wp-content\/uploads\/2023\/10\/side-view-man-using-smartphone.jpg')\"><\/div>\n\t\t\t\t\t\t\t\t\t<\/div>\n\t\t\t<\/div>\n\t\t<\/div>\n\n\t\t<div class=\"hidden lg:hidden relative z-20 mx-4 mt-6\">\n\t\t\t<div class=\"mx-1 cta-slider-mobile-scrollbar\"><\/div>\n\t\t<\/div>\n\n\t<\/div>\n\n<\/div>\n","protected":false},"excerpt":{"rendered":"","protected":false},"featured_media":0,"menu_order":1,"template":"","product-category":[479,491],"product-family":[539],"product-type":[233],"class_list":["post-55937","product","type-product","status-publish","hentry","product-category-novoconnect-20-fr","product-category-remote-manager-cloud-25-fr","product-family-wireless-collaboration-57-fr","product-type-collaboration-sans-fil"],"acf":[],"_links":{"self":[{"href":"https:\/\/vivitek.eu\/fr\/wp-json\/wp\/v2\/product\/55937","targetHints":{"allow":["GET"]}}],"collection":[{"href":"https:\/\/vivitek.eu\/fr\/wp-json\/wp\/v2\/product"}],"about":[{"href":"https:\/\/vivitek.eu\/fr\/wp-json\/wp\/v2\/types\/product"}],"wp:attachment":[{"href":"https:\/\/vivitek.eu\/fr\/wp-json\/wp\/v2\/media?parent=55937"}],"wp:term":[{"taxonomy":"product-category","embeddable":true,"href":"https:\/\/vivitek.eu\/fr\/wp-json\/wp\/v2\/product-category?post=55937"},{"taxonomy":"product-family","embeddable":true,"href":"https:\/\/vivitek.eu\/fr\/wp-json\/wp\/v2\/product-family?post=55937"},{"taxonomy":"product-type","embeddable":true,"href":"https:\/\/vivitek.eu\/fr\/wp-json\/wp\/v2\/product-type?post=55937"}],"curies":[{"name":"wp","href":"https:\/\/api.w.org\/{rel}","templated":true}]}}