{"id":56185,"date":"2024-12-20T11:35:46","date_gmt":"2024-12-20T11:35:46","guid":{"rendered":"https:\/\/vivitek.eu\/?page_id=56185"},"modified":"2025-12-16T11:06:44","modified_gmt":"2025-12-16T11:06:44","slug":"ou-acheter-turquie","status":"publish","type":"page","link":"https:\/\/vivitek.eu\/fr\/ou-acheter-turquie\/","title":{"rendered":"O\u00f9 acheter \u2013 Turquie"},"content":{"rendered":"<div data-aos=\"fade\" id=\"columned-content-block_d0ad172873c282f84ae1b5e0360f09b6\" class=\"overflow-hidden !pb-14 lg:!pb-32 relative columned-content bg-white text-brand-gray-600 pt-0 pb-0\" >\n\n\t<div class=\"relative z-10 mx-auto container\">\n\n\t\t\n\t\t\n\t\t<h2 class=\"text-lg lg:text-xl xl:text-2xl font-bold md:pb-8 pb-6\">O\u00f9 acheter \u2013 Turquie<\/h2>\n\n\t\t<div class=\"grid gap-12  items-start  grid-cols-1 md:grid-cols-2 lg:grid-cols-3\">\n\t\t\t\t\n\t\t\t\t\t\n\t\t\t\t\t\t<div class=\"prose max-w-none order-1 col-span-1 md:order-1 md:col-span-1\">\n\t\t\t\t\t\t\t<h3>Distributeurs agr\u00e9\u00e9s<\/h3>\n<p><strong>ADAM B\u0130L\u0130\u015e\u0130M TEKNOLOJ\u0130LER\u0130 \u0130\u00c7 VE DI\u015e T\u0130C. LTD.<\/strong><br \/>\nNECIP FAZIL MH. ALEMDA\u011e CD. BAHRI SK. NO:1\/3 KAT:2 D:5 ZEYTINO\u011eLU PLAZA \u00dcMRANIYE<br \/>\n34773 Istanbul<br \/>\nTurkey<br \/>\nTel.: +90 216 456 02 85<br \/>\nFax.: +90 216 540 17 08<br \/>\n<a href=\"mailto:info@adambilisim.com\">info@adambilisim.com\u00a0<\/a><\/p>\n<p><a href=\"https:\/\/www.adambilisim.com\/\" target=\"_blank\" rel=\"noopener\">Visit website<\/a><\/p>\n\n\n\t\t\t\t\t\t\t\t\t\t\t\t\t<\/div>\n\n\t\t\t\t\t\t\n\t\t\t\t\n\t\t\t\t\t\n\t\t\t\t\t\t<div class=\"prose max-w-none order-1 col-span-1 md:order-2 md:col-span-1\">\n\t\t\t\t\t\t\t<h3><\/h3>\n<p><strong>ATEMPO \u015eirketler Grubu<\/strong><br \/>\nYazarlar Sok. No:10<br \/>\nSisli\u2013Istanbul<br \/>\nTurkey<br \/>\nTel.: +90 212 288 0612<br \/>\nFax.: +90 212 267 3448<br \/>\n<a href=\"mailto:info@atempo.com.tr\" target=\"_blank\" rel=\"noopener\">info@atempo.com.tr\u00a0<\/a><\/p>\n<p><a href=\"https:\/\/atempo.com.tr\/\" target=\"_blank\" rel=\"noopener\">Visit website<\/a><\/p>\n\n\n\t\t\t\t\t\t\t\t\t\t\t\t\t<\/div>\n\n\t\t\t\t\t\t\n\t\t\t\t\n\t\t\t\t\t\n\t\t\t\t\t\t<div class=\"prose max-w-none order-1 col-span-1 md:order-3 md:col-span-1\">\n\t\t\t\t\t\t\t<p><strong>EMN Technology<\/strong><br \/>\nO\u011fuzlar, No:3, 1394. Sk., 06520 \u00c7ankaya<br \/>\nAnkara<br \/>\nTurkey<br \/>\nTel.: +90 (312) 285 88 77<br \/>\n<a href=\"mailto:emn@emn.com.tr\" target=\"_blank\" rel=\"noopener\">emn@emn.com.tr\u00a0<\/a><\/p>\n<p><a href=\"https:\/\/emn.com.tr\/\" target=\"_blank\" rel=\"noopener\">Visit website<\/a><\/p>\n\n\n\t\t\t\t\t\t\t\t\t\t\t\t\t<\/div>\n\n\t\t\t\t\t\t\n\t\t\t\t\n\t\t\t\t\t\n\t\t\t\t\t\t<div class=\"prose max-w-none order-1 col-span-1 md:order-1 md:col-span-1\">\n\t\t\t\t\t\t\t<p><strong>EMN Technology<\/strong><br \/>\nTatl\u0131su Mah. \u015eenol G\u00fcne\u015f Bulvar\u0131 Mira Tower No:2 Kat:10 D:51 34774 \u00dcmraniye<br \/>\nInstanbul<br \/>\nTurkey<br \/>\nTel.: +90 (216) 594 53 60<br \/>\n<a href=\"mailto:emn@emn.com.tr\" target=\"_blank\" rel=\"noopener\">emn@emn.com.tr\u00a0<\/a><\/p>\n<p><a href=\"https:\/\/emn.com.tr\/\" target=\"_blank\" rel=\"noopener\">Visit website<\/a><\/p>\n\n\n\t\t\t\t\t\t\t\t\t\t\t\t\t<\/div>\n\n\t\t\t\t\t\t\n\t\t\t\t\n\t\t<\/div>\n\n\t<\/div>\n\n\t\n\t<\/div>\n\n\n<div data-aos=\"fade-up\" id=\"map-block_7b3c1a5c209ca54fac9871364e8ae24a\" class=\"relative map bg-white text-brand-gray-600 pt-0 pb-0\" >\n\n    <div class=\"container\">\n\n        \n\n                    <p class=\"mb-6 text-base md:mb-12 md:text-lg text-brand-gray-500\">Cliquez sur une r\u00e9gion de la carte pour trouver un distributeur agr\u00e9\u00e9 pr\u00e8s de chez vous.<\/p>\n        \n        <div class=\"w-full aspect-video\">\n            <div id=\"wpgmza_map_1\" class=\"wpgmza_map wpgmza-auto-left\" style=\"display:block;width:100%;height:100%;overflow:hidden;position:relative;\" data-map-id=\"1\" data-maps-engine=\"google-maps\" data-build-engine=\"atlas-novus\" data-shortcode-attributes=\"{&quot;id&quot;:&quot;1&quot;,&quot;zoom&quot;:false,&quot;width&quot;:false,&quot;height&quot;:false,&quot;marker&quot;:false,&quot;classname&quot;:false,&quot;mashup&quot;:false,&quot;mashup_ids&quot;:false,&quot;cat&quot;:false,&quot;type&quot;:&quot;default&quot;,&quot;parent_id&quot;:false,&quot;lat&quot;:false,&quot;lng&quot;:false,&quot;mark_center&quot;:false,&quot;enable_category&quot;:false,&quot;directions_from&quot;:false,&quot;directions_to&quot;:false,&quot;directions_waypoints&quot;:false,&quot;directions_auto&quot;:false,&quot;disable_vgm_form&quot;:false,&quot;redirect_to&quot;:false}\" data-settings=\"{&quot;map_title&quot;:&quot;Where to buy&quot;,&quot;map_width&quot;:&quot;100&quot;,&quot;map_height&quot;:&quot;100&quot;,&quot;map_start_lat&quot;:&quot;51.37009809999999&quot;,&quot;map_start_lng&quot;:&quot;-0.2859888000000077&quot;,&quot;map_start_location&quot;:&quot;45.950464398418106,-109.81550500000003&quot;,&quot;map_start_zoom&quot;:&quot;8&quot;,&quot;default_marker&quot;:&quot;&quot;,&quot;type&quot;:&quot;1&quot;,&quot;alignment&quot;:&quot;4&quot;,&quot;directions_enabled&quot;:&quot;0&quot;,&quot;styling_enabled&quot;:&quot;0&quot;,&quot;styling_json&quot;:&quot;&quot;,&quot;active&quot;:&quot;0&quot;,&quot;kml&quot;:&quot;&quot;,&quot;bicycle&quot;:&quot;0&quot;,&quot;traffic&quot;:&quot;0&quot;,&quot;dbox&quot;:&quot;1&quot;,&quot;dbox_width&quot;:&quot;&quot;,&quot;listmarkers&quot;:&quot;0&quot;,&quot;listmarkers_advanced&quot;:&quot;0&quot;,&quot;filterbycat&quot;:&quot;0&quot;,&quot;ugm_enabled&quot;:&quot;0&quot;,&quot;ugm_category_enabled&quot;:&quot;0&quot;,&quot;fusion&quot;:&quot;&quot;,&quot;map_width_type&quot;:&quot;%&quot;,&quot;map_height_type&quot;:&quot;%&quot;,&quot;mass_marker_support&quot;:&quot;0&quot;,&quot;ugm_access&quot;:&quot;0&quot;,&quot;order_markers_by&quot;:&quot;1&quot;,&quot;order_markers_choice&quot;:&quot;1&quot;,&quot;show_user_location&quot;:&quot;0&quot;,&quot;default_to&quot;:&quot;&quot;,&quot;map_type&quot;:1,&quot;sl_stroke_color&quot;:&quot;#ffffff&quot;,&quot;sl_fill_color&quot;:&quot;#ffffff&quot;,&quot;sl_stroke_opacity&quot;:&quot;&quot;,&quot;sl_fill_opacity&quot;:&quot;&quot;,&quot;transport_layer&quot;:false,&quot;action&quot;:&quot;wpgmza_save_map&quot;,&quot;redirect_to&quot;:&quot;\\\/wp-admin\\\/admin-post.php&quot;,&quot;map_id&quot;:&quot;1&quot;,&quot;wpgmza_savemap&quot;:&quot;Save Map&quot;,&quot;http_referer&quot;:&quot;\\\/wp-admin\\\/admin.php?page=wp-google-maps-menu&amp;amp;action=edit&amp;amp;map_id=1&quot;,&quot;wpgmza_id&quot;:&quot;1&quot;,&quot;wpgmza_start_location&quot;:&quot;51.37009809999999,-0.2859888000000077&quot;,&quot;wpgmza_start_zoom&quot;:&quot;8&quot;,&quot;wpgmza_map_align&quot;:&quot;1&quot;,&quot;store_locator_enabled&quot;:false,&quot;store_locator_distance&quot;:false,&quot;store_locator_search_area&quot;:&quot;radial&quot;,&quot;wpgmza_store_locator_default_radius&quot;:&quot;10&quot;,&quot;store_locator_auto_area_max_zoom&quot;:&quot;&quot;,&quot;wpgmza_store_locator_radius_style&quot;:&quot;legacy&quot;,&quot;store_locator_component_anchor&quot;:&quot;0&quot;,&quot;wpgmza_store_locator_bounce&quot;:false,&quot;wpgmza_sl_animation&quot;:&quot;0&quot;,&quot;store_locator_query_string&quot;:&quot;&quot;,&quot;store_locator_location_placeholder&quot;:&quot;&quot;,&quot;store_locator_default_address&quot;:&quot;&quot;,&quot;store_locator_name_search&quot;:false,&quot;store_locator_name_string&quot;:&quot;&quot;,&quot;store_locator_not_found_message&quot;:&quot;&quot;,&quot;store_locator_show_distance&quot;:false,&quot;store_locator_category&quot;:false,&quot;wpgmza_store_locator_use_their_location&quot;:false,&quot;wpgmza_store_locator_hide_before_search&quot;:false,&quot;store_locator_nearby_searches&quot;:false,&quot;wpgmza_theme_data&quot;:&quot;&quot;,&quot;custom_tile_enabled&quot;:false,&quot;custom_tile_image&quot;:&quot;&quot;,&quot;custom_tile_image_width&quot;:&quot;&quot;,&quot;custom_tile_image_height&quot;:&quot;&quot;,&quot;custom_tile_image_attribution&quot;:&quot;&quot;,&quot;iw_primary_color&quot;:&quot;#000000&quot;,&quot;iw_accent_color&quot;:&quot;#000000&quot;,&quot;iw_text_color&quot;:&quot;#000000&quot;,&quot;close_infowindow_on_map_click&quot;:false,&quot;marker_share_links&quot;:false,&quot;wpgmza_listmarkers_by&quot;:&quot;0&quot;,&quot;marker_listing_component_anchor&quot;:&quot;1&quot;,&quot;marker_listing_component_auto_open&quot;:false,&quot;dataTable_pagination_style&quot;:&quot;default&quot;,&quot;category_filter_component_anchor&quot;:&quot;0&quot;,&quot;zoom_level_on_marker_listing_override&quot;:false,&quot;zoom_level_on_marker_listing_click&quot;:&quot;&quot;,&quot;marker_listing_disable_zoom&quot;:false,&quot;datatable_no_result_message&quot;:&quot;&quot;,&quot;remove_search_box_datables&quot;:false,&quot;datatable_search_string&quot;:&quot;&quot;,&quot;datatable_result_start&quot;:&quot;&quot;,&quot;datatable_result_of&quot;:&quot;&quot;,&quot;datatable_result_to&quot;:&quot;&quot;,&quot;datatable_result_total&quot;:&quot;&quot;,&quot;datatable_result_show&quot;:&quot;&quot;,&quot;datatable_result_entries&quot;:&quot;&quot;,&quot;category_legends_enabled&quot;:false,&quot;category_legends_component_anchor&quot;:&quot;8&quot;,&quot;jump_to_nearest_marker_on_initialization&quot;:false,&quot;click_open_link&quot;:false,&quot;wpgmza_zoom_on_marker_click&quot;:false,&quot;wpgmza_zoom_on_marker_click_slider&quot;:&quot;&quot;,&quot;polygon_labels&quot;:false,&quot;disable_polygon_info_windows&quot;:false,&quot;fit_maps_bounds_to_markers&quot;:false,&quot;fit_maps_bounds_to_markers_after_filtering&quot;:false,&quot;automatically_pan_to_users_location&quot;:false,&quot;override_users_location_zoom_level&quot;:false,&quot;override_users_location_zoom_levels&quot;:&quot;&quot;,&quot;show_distance_from_location&quot;:false,&quot;map_starts_in_streetview&quot;:false,&quot;map_starts_in_streetview_location&quot;:&quot;&quot;,&quot;map_starts_in_streetview_heading&quot;:&quot;&quot;,&quot;map_starts_in_streetview_pitch&quot;:&quot;&quot;,&quot;map_max_zoom&quot;:&quot;21&quot;,&quot;map_min_zoom&quot;:&quot;0&quot;,&quot;hide_point_of_interest&quot;:false,&quot;disable_lightbox_images&quot;:false,&quot;use_Raw_Jpeg_Coordinates&quot;:false,&quot;enable_marker_ratings&quot;:false,&quot;only_load_markers_within_viewport&quot;:false,&quot;enable_marker_labels&quot;:false,&quot;zoom_level_mobile_override_enabled&quot;:false,&quot;zoom_level_mobile_override&quot;:&quot;&quot;,&quot;upload_default_sl_marker&quot;:&quot;&quot;,&quot;upload_default_sl_marker_retina&quot;:false,&quot;wpgmza_store_locator_restrict&quot;:&quot;&quot;,&quot;directions_box_component_anchor&quot;:&quot;1&quot;,&quot;wpgmza_dbox_width_type&quot;:&quot;%&quot;,&quot;default_from&quot;:&quot;&quot;,&quot;directions_behaviour&quot;:&quot;default&quot;,&quot;force_google_directions_app&quot;:false,&quot;directions_route_origin_icon&quot;:&quot;https:\\\/\\\/vivitek.eu\\\/wp-content\\\/plugins\\\/wp-google-maps\\\/images\\\/spotlight-poi3.png&quot;,&quot;directions_origin_retina&quot;:false,&quot;directions_route_destination_icon&quot;:&quot;https:\\\/\\\/vivitek.eu\\\/wp-content\\\/plugins\\\/wp-google-maps\\\/images\\\/spotlight-poi3.png&quot;,&quot;directions_destination_retina&quot;:false,&quot;directions_route_stroke_color&quot;:&quot;#4d8df5&quot;,&quot;directions_route_stroke_weight&quot;:&quot;4&quot;,&quot;directions_route_stroke_opacity&quot;:&quot;0.8&quot;,&quot;directions_fit_bounds_to_route&quot;:false,&quot;upload_default_ul_marker&quot;:&quot;&quot;,&quot;upload_default_ul_marker_retina&quot;:false,&quot;retina&quot;:false,&quot;enable_advanced_custom_fields_integration&quot;:false,&quot;enable_advanced_custom_fields_integration_type&quot;:&quot;&quot;,&quot;enable_toolset_woocommerce_integration&quot;:false,&quot;enable_woo_product_integration&quot;:false,&quot;store_locator_button_style&quot;:&quot;&quot;,&quot;iw_anchor_panel_card&quot;:&quot;7&quot;,&quot;marker_listing_nudge_marker_center&quot;:false,&quot;marker_listing_nudge_x&quot;:&quot;&quot;,&quot;marker_listing_nudge_y&quot;:&quot;&quot;,&quot;category_filter_label_string&quot;:&quot;&quot;,&quot;category_legends_style&quot;:&quot;&quot;,&quot;category_legends_label_string&quot;:&quot;&quot;,&quot;shape_filtering&quot;:false,&quot;restrict_map_bounds&quot;:false,&quot;restrict_boundary_corner_a&quot;:&quot;&quot;,&quot;restrict_boundary_corner_b&quot;:&quot;&quot;,&quot;enable_user_location_control&quot;:false,&quot;enable_map_reset_control&quot;:false,&quot;map_dimensions_mobile_override_enabled&quot;:false,&quot;map_mobile_width&quot;:&quot;100&quot;,&quot;map_mobile_width_type&quot;:&quot;%&quot;,&quot;map_mobile_height&quot;:&quot;200&quot;,&quot;map_mobile_height_type&quot;:&quot;px&quot;,&quot;lazyload_info_window_content&quot;:false,&quot;id&quot;:1}\" ><\/div>\n        <\/div>\n\n    <\/div>\n\n<\/div>\n","protected":false},"excerpt":{"rendered":"","protected":false},"author":7,"featured_media":0,"parent":0,"menu_order":0,"comment_status":"closed","ping_status":"closed","template":"","meta":{"_acf_changed":false,"footnotes":""},"class_list":["post-56185","page","type-page","status-publish","hentry"],"acf":[],"_links":{"self":[{"href":"https:\/\/vivitek.eu\/fr\/wp-json\/wp\/v2\/pages\/56185","targetHints":{"allow":["GET"]}}],"collection":[{"href":"https:\/\/vivitek.eu\/fr\/wp-json\/wp\/v2\/pages"}],"about":[{"href":"https:\/\/vivitek.eu\/fr\/wp-json\/wp\/v2\/types\/page"}],"author":[{"embeddable":true,"href":"https:\/\/vivitek.eu\/fr\/wp-json\/wp\/v2\/users\/7"}],"replies":[{"embeddable":true,"href":"https:\/\/vivitek.eu\/fr\/wp-json\/wp\/v2\/comments?post=56185"}],"version-history":[{"count":3,"href":"https:\/\/vivitek.eu\/fr\/wp-json\/wp\/v2\/pages\/56185\/revisions"}],"predecessor-version":[{"id":56188,"href":"https:\/\/vivitek.eu\/fr\/wp-json\/wp\/v2\/pages\/56185\/revisions\/56188"}],"wp:attachment":[{"href":"https:\/\/vivitek.eu\/fr\/wp-json\/wp\/v2\/media?parent=56185"}],"curies":[{"name":"wp","href":"https:\/\/api.w.org\/{rel}","templated":true}]}}