{"id":14037,"date":"2023-12-11T15:44:43","date_gmt":"2023-12-11T15:44:43","guid":{"rendered":"https:\/\/vivitek.eu\/?page_id=14037"},"modified":"2026-01-15T15:31:29","modified_gmt":"2026-01-15T15:31:29","slug":"product-registration","status":"publish","type":"page","link":"https:\/\/vivitek.eu\/fr\/product-registration\/","title":{"rendered":"Product Registration"},"content":{"rendered":"<div data-aos=\"fade\" id=\"banner-block_f4c742d4f071f159e2c01d8cc6185764\"\n\tclass=\"lg:-mt-[168px] relative banner bg-white text-brand-gray-600  \"\n\t\n>\n\n\t\t\t<div class=\"swiper-banner relative overflow-hidden\">\n\t\t\t<div class=\"swiper-wrapper\">\n\t\t\t\t\n\t\t\t\t\t\t\t\t\t\t\t<div class=\"relative h-full min-h-[584px] lg:min-h-[960px] swiper-slide\">\n\t\t\t\t\t\t\t<div class=\"absolute inset-0 z-10 bg-gradient-to-t lg:bg-gradient-to-r from-white from-40% to-80%\">\n\t\t\t\t\t\t\t\t<div class=\"container mx-auto h-full flex pb-9 items-end lg:pb-0 lg:items-center\">\n\t\t\t\t\t\t\t\t\t<div class=\"max-w-[80%] md:max-w-2xl\">\n\t\t\t\t\t\t\t\t\t\t<h2 class=\"-ml-1 text-[30px] lg:text-3xl font-bold text-brand-gray-600\">\n\t\t\t\t\t\t\t\t\t\t\tEnregistrez votre produit\n\t\t\t\t\t\t\t\t\t\t<\/h2>\n\n\t\t\t\t\t\t\t\t\t\t\t\t\t\t\t\t\t\t\t<\/div>\n\t\t\t\t\t\t\t\t<\/div>\n\t\t\t\t\t\t\t<\/div>\n\n\t\t\t\t\t\t\t\n\t\t\t\t\t\t\t\t\t\t\t\t\t\t\t<div class=\"absolute inset-0 bg-center bg-cover hidden lg:block\"\n\t\t\t\t\t\t\t\t\tstyle=\"background-image: url('https:\/\/vivitek.eu\/wp-content\/uploads\/2024\/01\/vivitek_blog_01_office-meeting_The-next-generation-of-collaboration.png')\"\n\t\t\t\t\t\t\t\t><\/div>\n\t\t\t\t\t\t\t\n\t\t\t\t\t\t\t\t\t\t\t\t\t\t\t<div class=\"absolute inset-0 bg-center bg-cover block lg:hidden\"\n\t\t\t\t\t\t\t\t\tstyle=\"background-image: url('https:\/\/vivitek.eu\/wp-content\/uploads\/2024\/01\/vivitek_blog_01_office-meeting_The-next-generation-of-collaboration.png')\"\n\t\t\t\t\t\t\t\t><\/div>\n\t\t\t\t\t\t\t\t\t\t\t\t\t<\/div>\n\t\t\t\t\t\n\t\t\t\t\n\t\t\t<\/div>\n\n\t\t\t\n\t\t\t\t\t<\/div>\n\t<\/div>\n\n\n<div id=\"page-banner-block_2f738c0de07ae2b9c5eca74f7b89dba5\" class=\"relative page-banner bg-brand-gray-300 text-brand-gray-600 pt-0 pb-0\" >\n\n            <div class=\"container\">\n            \n        <\/div>\n    \n            \n        <div class=\"relative from-white\">\n\n            <img decoding=\"async\" src=\"https:\/\/vivitek.eu\/wp-content\/uploads\/2023\/10\/side-view-man-using-smartphone.jpg\" alt=\"\" class=\"absolute bottom-0 hidden object-cover object-center w-full lg:block h-1\/2 md:h-full\" title=\"\">\n            <div class=\"block absolute w-full  md:bg-gradient-to-r h-full bg-gradient-to-b from-white from-50% md:from-65% lg:from-50%\"><\/div>\n\n            <div class=\"container relative grid grid-cols-1 gap-16 py-8 lg:items-center md:gap-24 md:grid-cols-2 xl:grid-cols-3 md:py-28\">\n\n\n                <div class=\"prose md:-order-1\">\n                    <h2 class=\"mb-4 text-lg font-bold md:mb-6 lg:text-xl\">Merci d\u2019avoir choisi un produit Vivitek !<\/h2>\n                    <p>L\u2019enregistrement de votre produit est rapide, simple et s\u00e9curis\u00e9. Il cr\u00e9e un dossier dans notre syst\u00e8me afin de vous offrir un service plus rapide. En enregistrant votre produit, vous pouvez \u00e9galement choisir de recevoir des informations sur les mises \u00e0 jour logicielles, les actualit\u00e9s Vivitek et d\u2019autres informations pertinentes.<\/p>\n<p>Pour les \u00e9tablissements \u00e9ducatifs, l\u2019enregistrement du produit permet de b\u00e9n\u00e9ficier de notre garantie \u00e9ducation exclusive de 5 ans. Cette garantie prolong\u00e9e souligne notre engagement \u00e0 fournir des solutions durables, con\u00e7ues pour r\u00e9pondre aux besoins sp\u00e9cifiques des environnements \u00e9ducatifs.<\/p>\n<p>.<\/p>\n\n                    <div class=\"flex flex-wrap gap-4 mt-4 md:mt-8 md:gap-8\">\n                                                                                    <a href=\"https:\/\/vivitek.eu\/standard-product-registration-form\/\" target=\"\" class=\"button\">Enregistrement standard du produit<\/a>\n                                                                                                                <a href=\"https:\/\/vivitek.eu\/education-product-registration-form\/\" target=\"\" class=\"button\">Enregistrement du produit pour l\u2019\u00e9ducation<\/a>\n                                                                        <\/div>\n                <\/div>\n\n\n                <div class=\"xl:col-span-2\">\n                                    <\/div>\n\n            <\/div>\n        <\/div>\n            \n        <div class=\"relative from-white\">\n\n            <img decoding=\"async\" src=\"https:\/\/vivitek.eu\/wp-content\/uploads\/2024\/01\/top_img-1.png\" alt=\"\" class=\"absolute bottom-0 hidden object-cover object-center w-full lg:block h-1\/2 md:h-full\" title=\"\">\n            <div class=\"block absolute w-full  md:bg-gradient-to-l h-full bg-gradient-to-b from-white from-50% md:from-65% lg:from-50%\"><\/div>\n\n            <div class=\"container relative grid grid-cols-1 gap-16 py-8 lg:items-center md:gap-24 md:grid-cols-2 xl:grid-cols-3 md:py-28\">\n\n\n                <div class=\"prose md:order-1\">\n                    <h2 class=\"mb-4 text-lg font-bold md:mb-6 lg:text-xl\">Garantie<\/h2>\n                    <p>La garantie EMEA s\u2019applique aux projecteurs achet\u00e9s aupr\u00e8s de distributeurs et revendeurs agr\u00e9\u00e9s en Europe, en Russie, dans la r\u00e9gion baltique, en Isra\u00ebl, au Moyen-Orient et en Afrique. Les projecteurs achet\u00e9s dans d\u2019autres pays ou r\u00e9gions peuvent \u00eatre soumis \u00e0 des conditions de garantie et de service diff\u00e9rentes.<\/p>\n\n                    <div class=\"flex flex-wrap gap-4 mt-4 md:mt-8 md:gap-8\">\n                                                                                    <a href=\"https:\/\/vivitek.eu\/fr\/warranty\/\" target=\"\" class=\"button\">Garantie standard<\/a>\n                                                                                                                <a href=\"https:\/\/vivitek.eu\/fr\/warranty\/edu-warranty\/\" target=\"\" class=\"button\">Garantie \u00e9ducation<\/a>\n                                                                        <\/div>\n                <\/div>\n\n\n                <div class=\"xl:col-span-2\">\n                                    <\/div>\n\n            <\/div>\n        <\/div>\n    <\/div>\n\n\n<div data-aos=\"fade-up\" id=\"full-width-cta-block_4edaa88983d3073d0754a97bfd05ca60\" class=\"relative full-width-cta bg-white text-brand-gray-600 pt-0 pb-0\" >\n\n    <div class=\"py-16 md:py-28 bg-gradient-to-r from-brand-green from-20% to-brand-blue to-70%  \">\n\n        <div class=\"container text-center text-white\">\n            <h2 class=\"text-lg lg:text-xl xl:text-2xl font-bold pb-4\">Besoin de plus de conseils ou d\u2019accompagnement ?<\/h2>\n\n            \n            <div class=\"flex flex-wrap justify-center gap-4 pt-4 md:gap-8\">\n                                                            <a href=\"\/contact-us\/\" target=\"\" class=\"button button--white\">\n                            Faire une demande\n                        <\/a>\n                                                                                <a href=\"\/support-request-form\/\" target=\"\" class=\"button button--white\">\n                            Contacter le service client\n                        <\/a>\n                                                <\/div>\n        <\/div>\n    <\/div>\n<\/div>\n","protected":false},"excerpt":{"rendered":"","protected":false},"author":7,"featured_media":0,"parent":0,"menu_order":0,"comment_status":"closed","ping_status":"closed","template":"","meta":{"_acf_changed":false,"footnotes":""},"class_list":["post-14037","page","type-page","status-publish","hentry"],"acf":[],"_links":{"self":[{"href":"https:\/\/vivitek.eu\/fr\/wp-json\/wp\/v2\/pages\/14037","targetHints":{"allow":["GET"]}}],"collection":[{"href":"https:\/\/vivitek.eu\/fr\/wp-json\/wp\/v2\/pages"}],"about":[{"href":"https:\/\/vivitek.eu\/fr\/wp-json\/wp\/v2\/types\/page"}],"author":[{"embeddable":true,"href":"https:\/\/vivitek.eu\/fr\/wp-json\/wp\/v2\/users\/7"}],"replies":[{"embeddable":true,"href":"https:\/\/vivitek.eu\/fr\/wp-json\/wp\/v2\/comments?post=14037"}],"version-history":[{"count":1,"href":"https:\/\/vivitek.eu\/fr\/wp-json\/wp\/v2\/pages\/14037\/revisions"}],"predecessor-version":[{"id":56335,"href":"https:\/\/vivitek.eu\/fr\/wp-json\/wp\/v2\/pages\/14037\/revisions\/56335"}],"wp:attachment":[{"href":"https:\/\/vivitek.eu\/fr\/wp-json\/wp\/v2\/media?parent=14037"}],"curies":[{"name":"wp","href":"https:\/\/api.w.org\/{rel}","templated":true}]}}