{"id":13920,"date":"2024-01-08T16:25:00","date_gmt":"2024-01-08T16:25:00","guid":{"rendered":"https:\/\/vivitek.eu\/?page_id=13920"},"modified":"2025-11-04T10:38:07","modified_gmt":"2025-11-04T10:38:07","slug":"adopter-une-vision-visant-a-offrir-un-espace-de-travail-connecte-de-la-maniere-la-plus-durable-possible","status":"publish","type":"page","link":"https:\/\/vivitek.eu\/fr\/adopter-une-vision-visant-a-offrir-un-espace-de-travail-connecte-de-la-maniere-la-plus-durable-possible\/","title":{"rendered":"Adopter une vision visant \u00e0 offrir un espace de travail connect\u00e9 de la mani\u00e8re la plus durable possible"},"content":{"rendered":"<div data-aos=\"fade\" id=\"banner-block_301ad26e950dfbda46ecf6bd19ca11f0\"\n\tclass=\"lg:-mt-[168px] relative banner bg-white text-brand-gray-600  \"\n\t\n>\n\n\t\t\t<div class=\"swiper-banner relative overflow-hidden\">\n\t\t\t<div class=\"swiper-wrapper\">\n\t\t\t\t\n\t\t\t\t\t\t\t\t\t\t\t<div class=\"relative h-full min-h-[584px] lg:min-h-[960px] swiper-slide\">\n\t\t\t\t\t\t\t<div class=\"absolute inset-0 z-10 bg-gradient-to-t lg:bg-gradient-to-r from-white from-40% to-80%\">\n\t\t\t\t\t\t\t\t<div class=\"container mx-auto h-full flex pb-9 items-end lg:pb-0 lg:items-center\">\n\t\t\t\t\t\t\t\t\t<div class=\"max-w-[80%] md:max-w-2xl\">\n\t\t\t\t\t\t\t\t\t\t<h2 class=\"-ml-1 text-[30px] lg:text-3xl font-bold text-brand-gray-600\">\n\t\t\t\t\t\t\t\t\t\t\tAdopter une vision visant \u00e0 offrir un espace de travail connect\u00e9 de la mani\u00e8re la plus durable possible\n\t\t\t\t\t\t\t\t\t\t<\/h2>\n\n\t\t\t\t\t\t\t\t\t\t\t\t\t\t\t\t\t\t\t<\/div>\n\t\t\t\t\t\t\t\t<\/div>\n\t\t\t\t\t\t\t<\/div>\n\n\t\t\t\t\t\t\t\n\t\t\t\t\t\t\t\t\t\t\t\t\t\t\t<div class=\"absolute inset-0 bg-center bg-cover hidden lg:block\"\n\t\t\t\t\t\t\t\t\tstyle=\"background-image: url('https:\/\/vivitek.eu\/wp-content\/uploads\/2024\/04\/sus-hero.jpg')\"\n\t\t\t\t\t\t\t\t><\/div>\n\t\t\t\t\t\t\t\n\t\t\t\t\t\t\t\t\t\t\t\t\t\t\t<div class=\"absolute inset-0 bg-center bg-cover block lg:hidden\"\n\t\t\t\t\t\t\t\t\tstyle=\"background-image: url('https:\/\/vivitek.eu\/wp-content\/uploads\/2024\/04\/sus-hero.jpg')\"\n\t\t\t\t\t\t\t\t><\/div>\n\t\t\t\t\t\t\t\t\t\t\t\t\t<\/div>\n\t\t\t\t\t\n\t\t\t\t\n\t\t\t<\/div>\n\n\t\t\t\n\t\t\t\t\t<\/div>\n\t<\/div>\n\n\n<div id=\"navbar-block_a21d36d2ecaed87140613c4a6ed04c4d\" class=\"relative navbar bg-white text-brand-gray-600  \"  x-data=\"initNavbar()\">\n\n\t\t\t<nav\n\t\t\t:class=\"fixed ? 'fixed top-0 left-0 right-0 z-40 pt-20' : 'relative'\"\n\t\t\t@scroll.window=\"fixed = (window.innerWidth > 1023 &#038;&#038; 920 <= window.scrollY)\"\n\t\t\tclass=\"bg-brand-gray-300 px-4 flex items-center justify-center shadow-xl ring-1 ring-black ring-opacity-5 overflow-x-hidden\"\n\t\t>\n\t\t\t\t\t\t\t<button data-aos=\"fade\" @click=\"goTo('fabrication durable', 1)\"\n\t\t\t\t\tclass=\"relative group px-2 md:px-4 pt-2 pb-5 lg:px-8 lg:pt-5 lg:pb-8 flex flex-col items-center justify-center text-center text-xs lg:text-[14px] xl:text-[14px]\"\n\t\t\t\t>\n\t\t\t\t\t<img loading=\"lazy\" decoding=\"async\" width=\"88\" height=\"88\" src=\"https:\/\/vivitek.eu\/wp-content\/uploads\/2024\/01\/manu-icon.svg\" class=\"w-12 lg:w-20 h-auto\" alt=\"Fabrication durable icon\" title=\"\">\n\t\t\t\t\t<span :class=\"isActive('#fabrication durable', 1) ? 'font-bold text-brand-green' : ''\" data-anchor\n\t\t\t\t\t\tclass=\"absolute inset-x-0 bottom-4 lg:bottom-7 flex items-center justify-center group-hover:text-brand-green group-hover:font-bold\"\n\t\t\t\t\t>\n\t\t\t\t\t\tFabrication durable\t\t\t\t\t<\/span>\n\t\t\t\t\t\t\t\t\t\t<span class=\"text-xxs md:text-sm text-brand-gray-300 font-bold\">Fabrication durable<\/span>\n\t\t\t\t<\/button>\n\t\t\t\t\t\t\t<button data-aos=\"fade\" @click=\"goTo('logistique durable', 2)\"\n\t\t\t\t\tclass=\"relative group px-2 md:px-4 pt-2 pb-5 lg:px-8 lg:pt-5 lg:pb-8 flex flex-col items-center justify-center text-center text-xs lg:text-[14px] xl:text-[14px]\"\n\t\t\t\t>\n\t\t\t\t\t<img loading=\"lazy\" decoding=\"async\" width=\"88\" height=\"88\" src=\"https:\/\/vivitek.eu\/wp-content\/uploads\/2024\/01\/sustainable-logistics-icon-1.svg\" class=\"w-12 lg:w-20 h-auto\" alt=\"Logistique durable icon\" title=\"\">\n\t\t\t\t\t<span :class=\"isActive('#logistique durable', 2) ? 'font-bold text-brand-green' : ''\" data-anchor\n\t\t\t\t\t\tclass=\"absolute inset-x-0 bottom-4 lg:bottom-7 flex items-center justify-center group-hover:text-brand-green group-hover:font-bold\"\n\t\t\t\t\t>\n\t\t\t\t\t\tLogistique durable\t\t\t\t\t<\/span>\n\t\t\t\t\t\t\t\t\t\t<span class=\"text-xxs md:text-sm text-brand-gray-300 font-bold\">Logistique durable<\/span>\n\t\t\t\t<\/button>\n\t\t\t\t\t\t\t<button data-aos=\"fade\" @click=\"goTo('utilisation optimale des produits', 3)\"\n\t\t\t\t\tclass=\"relative group px-2 md:px-4 pt-2 pb-5 lg:px-8 lg:pt-5 lg:pb-8 flex flex-col items-center justify-center text-center text-xs lg:text-[14px] xl:text-[14px]\"\n\t\t\t\t>\n\t\t\t\t\t<img loading=\"lazy\" decoding=\"async\" width=\"88\" height=\"88\" src=\"https:\/\/vivitek.eu\/wp-content\/uploads\/2024\/01\/great-product-use.svg\" class=\"w-12 lg:w-20 h-auto\" alt=\"Utilisation optimale des produits icon\" title=\"\">\n\t\t\t\t\t<span :class=\"isActive('#utilisation optimale des produits', 3) ? 'font-bold text-brand-green' : ''\" data-anchor\n\t\t\t\t\t\tclass=\"absolute inset-x-0 bottom-4 lg:bottom-7 flex items-center justify-center group-hover:text-brand-green group-hover:font-bold\"\n\t\t\t\t\t>\n\t\t\t\t\t\tUtilisation optimale des produits\t\t\t\t\t<\/span>\n\t\t\t\t\t\t\t\t\t\t<span class=\"text-xxs md:text-sm text-brand-gray-300 font-bold\">Utilisation optimale des produits<\/span>\n\t\t\t\t<\/button>\n\t\t\t\t\t<\/nav>\n\t\n<\/div>\n\n<script>\n\n\tfunction initNavbar() {\n\t\treturn {\n\t\t\tfixed: false,\n\t\t\turl: new URL(document.URL),\n\t\t\tactive: false,\n\t\t\tgoTo(anchor, index) {\n\t\t\t\tdocument.querySelectorAll('[data-anchor]').forEach(anchor => anchor.classList.remove('font-bold', 'text-brand-green'));\n\t\t\t\tdocument.location = this.url.pathname + '#' + anchor;\n\n\t\t\t\treturn this.active = index;\n\t\t\t},\n\t\t\tisActive(anchor, index) {\n\t\t\t\treturn this.fragmentMatches(anchor) || this.active === index;\n\t\t\t},\n\t\t\tfragmentMatches(anchor) {\n\t\t\t\treturn this.url.hash === anchor;\n\t\t\t},\n\t\t}\n\t}\n\n<\/script>\n\n\n<div id=\"sustainable\" class=\"scroll-mt-36\">\n\n<\/div>\n\n\n<div data-aos=\"fade-up\" id=\"three-boxes-block_111c0e585aa388fd820cfdb015cb2736\" class=\"relative three-boxes bg-white text-brand-gray-600  \" >\n\n    <div class=\"container py-12\">\n\n                    <div class=\"mb-2\">\n                <img loading=\"lazy\" decoding=\"async\" width=\"110\" height=\"110\" src=\"https:\/\/vivitek.eu\/wp-content\/uploads\/2024\/01\/manu-icon-colour.svg\" class=\"attachment-thumbnail size-thumbnail\" alt=\"\" title=\"\">\n            <\/div>\n        \n        <h2 class=\"font-bold text-xl lg:text-2xl max-w-4xl mb-12\">Fabrication intelligente durable pour un monde en mutation<\/h2>\n\n        <div class=\"grid lg:grid-cols-2 gap-4 mb-12\">\n            <div>\n                <h3 class=\"font-bold text-lg lg:text-xl mb-3\">Notre mission<\/h3>\n                <div class=\"prose\">\n                    <p>Adopter une vision visant \u00e0 offrir un espace de travail connect\u00e9 de la mani\u00e8re la plus durable possible<\/p>\n\n                <\/div>\n            <\/div>\n            <div>\n                <h3 class=\"font-bold text-lg lg:text-xl mb-3\">Notre engagement<\/h3>\n                <div class=\"prose\">\n                    <p>En int\u00e9grant des pratiques environnementales dans tous les aspects de nos activit\u00e9s, nous pouvons atteindre un \u00e9quilibre entre la production et la plan\u00e8te.<\/p>\n\n                <\/div>\n            <\/div>\n        <\/div>\n\n                    <div class=\"grid lg:grid-cols-3 gap-4 mb-12\">\n                                                        <div class=\"p-7 rounded-md bg-brand-gray-100 border border-brand-gray-400 prose\">\n                        <h4>Environnemental<\/h4>\n                        <p>Gr\u00e2ce \u00e0 l\u2019innovation, \u00e0 l\u2019approvisionnement responsable et \u00e0 l\u2019am\u00e9lioration continue, nous nous effor\u00e7ons de r\u00e9duire notre empreinte carbone, de minimiser la production de d\u00e9chets et la d\u00e9pendance aux ressources non renouvelables, afin de limiter les impacts environnementaux et les effets n\u00e9gatifs sur la communaut\u00e9 et la plan\u00e8te.<\/p>\n\n                    <\/div>\n                                                        <div class=\"p-7 rounded-md bg-brand-gray-100 border border-brand-gray-400 prose\">\n                        <h4>Social<\/h4>\n                        <p>Notre objectif est non seulement de prot\u00e9ger et pr\u00e9server l\u2019environnement, mais aussi de promouvoir les droits humains des travailleurs, de renforcer les communaut\u00e9s locales et de garantir la s\u00e9curit\u00e9 et la qualit\u00e9 de nos produits pour les g\u00e9n\u00e9rations actuelles et futures.<\/p>\n\n                    <\/div>\n                                                        <div class=\"p-7 rounded-md bg-brand-gray-100 border border-brand-gray-400 prose\">\n                        <h4>\u00c9thique<\/h4>\n                        <p>Vivitek respecte les normes les plus \u00e9lev\u00e9es en mati\u00e8re d\u2019interactions commerciales, d\u2019approvisionnement responsable en minerais et d\u2019engagement envers des pratiques commerciales \u00e9quitables. Nous privil\u00e9gions l\u2019int\u00e9grit\u00e9 dans toutes nos interactions et nous effor\u00e7ons de donner l\u2019exemple dans l\u2019industrie.<\/p>\n\n                    <\/div>\n                            <\/div>\n        \n    <\/div>\n\n<\/div>\n\n\n<div data-aos=\"fade\" id=\"columned-content-block_f2f6eb40b1a68f7c83f6d0bb17260f12\" class=\"overflow-hidden !pb-14 lg:!pb-32 relative columned-content bg-white text-brand-gray-600 pt-0 pb-0\" >\n\n\t<div class=\"relative z-10 mx-auto container\">\n\n\t\t\n\t\t\n\t\t\n\n\t\t<div class=\"grid gap-12  items-center  grid-cols-1 md:grid-cols-2\">\n\t\t\t\t\n\t\t\t\t\t\n\t\t\t\t\t\t<div class=\"prose max-w-none order-1 col-span-1 md:order-1 md:col-span-1\">\n\t\t\t\t\t\t\t<h3><strong>Fournisseurs<\/strong><\/h3>\n<ul>\n<li>Les fournisseurs de mat\u00e9riaux doivent \u00eatre certifi\u00e9s ISO 9001 et respecter les exigences en mati\u00e8re de gestion des substances environnementales.<\/li>\n<li>Seules les entreprises ayant r\u00e9ussi les audits sur site portant sur les achats, la qualit\u00e9, la technologie et les substances dangereuses peuvent devenir fournisseurs officiels de Delta.<\/li>\n<\/ul>\n<h3><strong>Usines de production<\/strong><\/h3>\n<ul>\n<li>V\u00e9rification ISO 14064-1 pour calculer leur empreinte carbone et prendre les mesures n\u00e9cessaires afin d\u2019atteindre la neutralit\u00e9 carbone d\u2019ici 2030.<\/li>\n<li>\u00c9quip\u00e9es de syst\u00e8mes de production d\u2019\u00e9nergie solaire.<\/li>\n<\/ul>\n\n\n\t\t\t\t\t\t\t\t\t\t\t\t\t<\/div>\n\n\t\t\t\t\t\t\n\t\t\t\t\n\t\t\t\t\t\n\t\t\t\t\t\t<div class=\"flex items-center justify-center order-1 col-span-1 md:order-2 md:col-span-1\">\n\t\t\t\t\t\t\t<img decoding=\"async\" class=\"max-w-[90%] md:w-full h-auto\" src=\"https:\/\/vivitek.eu\/wp-content\/uploads\/2024\/01\/production-plant.jpg\" alt=\"\" title=\"\">\n\t\t\t\t\t\t<\/div>\n\n\t\t\t\t\t\n\t\t\t\t\n\t\t<\/div>\n\n\t<\/div>\n\n\t\n\t<\/div>\n\n\n<div id=\"logistics\" class=\"scroll-mt-36\">\n\n<\/div>\n\n\n<div data-aos=\"fade-up\" id=\"four-boxes-block_badea1bb30a31a140fa409760279f053\" class=\"relative four-boxes bg-white text-brand-gray-600  \" >\n\n    <div class=\"relative bg-brand-gray-100\">\n        <div class=\"container py-12 relative z-10\">\n\n            <div class=\"grid lg:grid-cols-2 gap-8 lg:gap-4 mb-12\">\n                <div>\n                                            <div class=\"mb-2\">\n                            <img loading=\"lazy\" decoding=\"async\" width=\"110\" height=\"110\" src=\"https:\/\/vivitek.eu\/wp-content\/uploads\/2024\/01\/logistics-icon-colour.svg\" class=\"attachment-thumbnail size-thumbnail\" alt=\"\" title=\"\">\n                        <\/div>\n                    \n                    <h2 class=\"font-bold text-xl lg:text-2xl max-w-2xl mb-12\">Logistique durable : vers un avenir plus vert<\/h2>\n\n                    <div class=\"prose\">\n                        <h3><strong>Notre mission<\/strong><\/h3>\n<p>Optimiser le transport des marchandises au sein de nos op\u00e9rations de fabrication tout en r\u00e9duisant l\u2019impact environnemental.<\/p>\n<h3><strong>Notre engagement<\/strong><\/h3>\n<p>Mettre en \u0153uvre des strat\u00e9gies de transport innovantes et efficaces afin de r\u00e9duire les \u00e9missions de carbone, \u00e9conomiser l\u2019\u00e9nergie et minimiser la production de d\u00e9chets.<\/p>\n<p>En int\u00e9grant des pratiques durables dans notre cha\u00eene d\u2019approvisionnement, nous visons \u00e0 cr\u00e9er un flux de mat\u00e9riaux responsable et fluide, garantissant la livraison ponctuelle de nos produits tout en limitant notre empreinte \u00e9cologique.<\/p>\n\n                    <\/div>\n                <\/div>\n                                    <div  class=\"lg:pt-32\" >\n                        <img loading=\"lazy\" decoding=\"async\" width=\"600\" height=\"450\" src=\"https:\/\/vivitek.eu\/wp-content\/uploads\/2024\/01\/chart-600x450.png\" class=\"w-full\" alt=\"\" title=\"\">\n                    <\/div>\n                            <\/div>\n\n                            <div class=\"grid lg:grid-cols-2 xl:grid-cols-4 gap-4 mb-12\">\n                                                                    <div class=\"p-7 rounded-md bg-brand-gray-100 border border-brand-gray-400 prose\">\n                            <h4>Collaboration et partenariats<\/h4>\n                            <p>Avec la mise en place d\u2019un comit\u00e9 ESG pour la cha\u00eene d\u2019approvisionnement, nous visons \u00e0 collaborer avec les fournisseurs, les clients et les partenaires industriels afin de promouvoir une culture de conscience environnementale et de responsabilit\u00e9 sociale.<\/p>\n\n                        <\/div>\n                                                                    <div class=\"p-7 rounded-md bg-brand-gray-100 border border-brand-gray-400 prose\">\n                            <h4>Conteneurs optimis\u00e9s<\/h4>\n                            <p>Nos produits sont con\u00e7us et emball\u00e9s pour utiliser l\u2019espace des conteneurs de mani\u00e8re optimale, \u00e9vitant ainsi le gaspillage d\u2019\u00e9nergie lors du transport de charges partielles.<\/p>\n\n                        <\/div>\n                                                                    <div class=\"p-7 rounded-md bg-brand-gray-100 border border-brand-gray-400 prose\">\n                            <h4>R\u00e9utilisation r\u00e9p\u00e9t\u00e9e des supports<\/h4>\n                            <p>Nous coop\u00e9rons avec les fournisseurs pour utiliser des supports r\u00e9utilisables (cadres en plastique) pour le transport des coques et des mat\u00e9riaux en plastique, rempla\u00e7ant ainsi les cartons \u00e0 usage unique.<\/p>\n\n                        <\/div>\n                                                                    <div class=\"p-7 rounded-md bg-brand-gray-100 border border-brand-gray-400 prose\">\n                            <h4>Recyclage et r\u00e9utilisation des palettes<\/h4>\n                            <p>Nous travaillons avec des fournisseurs locaux pour utiliser des fondations et lattes de palettes en bois recycl\u00e9es.<\/p>\n\n                        <\/div>\n                                    <\/div>\n            \n        <\/div>\n\n        <svg fill=\"url(#arc-grad)\" class=\"absolute left-0 md:left-[45%] mx-auto right-0 bottom-0 w-full md:w-[1020px] aspect-[509\/138]\" xmlns=\"http:\/\/www.w3.org\/2000\/svg\" viewBox=\"0 0 1018.46 275.95\">\n            <defs>\n                <linearGradient id=\"arc-grad\" x1=\"0%\" y1=\"0%\" x2=\"100%\" y2=\"0%\">\n                    <stop offset=\"0%\" style=\"stop-color:#02a0e8;stop-opacity:1\" \/>\n                    <stop offset=\"100%\" style=\"stop-color:#389d27;stop-opacity:1\" \/>\n                <\/linearGradient>\n            <\/defs>\n            <path d=\"M509.25 0c247.44 0 455.68 122.73 509.21 275.95H864.62c-68.91-84.38-194.52-150.14-352.97-150.14s-284.01 65.76-353.03 150.14H0C53.53 122.73 261.76 0 509.25 0\" \/>\n        <\/svg>\n\n    <\/div>\n\n<\/div>\n\n\n<div id=\"product\" class=\"scroll-mt-36\">\n\n<\/div>\n\n\n<div data-aos=\"fade-up\" id=\"three-boxes-block_ab6c3753edc137b1ed9288cadec99845\" class=\"relative three-boxes bg-white text-brand-gray-600  \" >\n\n    <div class=\"container py-12\">\n\n                    <div class=\"mb-2\">\n                <img loading=\"lazy\" decoding=\"async\" width=\"115\" height=\"115\" src=\"https:\/\/vivitek.eu\/wp-content\/uploads\/2024\/01\/contribution-icon.svg\" class=\"attachment-thumbnail size-thumbnail\" alt=\"\" title=\"\">\n            <\/div>\n        \n        <h2 class=\"font-bold text-xl lg:text-2xl max-w-4xl mb-12\">Les consommateurs \u00e9co-conscients adoptent des produits verts pour un mode de vie durable.<\/h2>\n\n        <div class=\"grid lg:grid-cols-2 gap-4 mb-12\">\n            <div>\n                <h3 class=\"font-bold text-lg lg:text-xl mb-3\">Notre mission<\/h3>\n                <div class=\"prose\">\n                    <p>Favoriser la fabrication de produits selon des processus \u00e9conomiquement viables qui minimisent les impacts environnementaux n\u00e9gatifs tout en pr\u00e9servant l\u2019\u00e9nergie et les ressources naturelles.<\/p>\n\n                <\/div>\n            <\/div>\n            <div>\n                <h3 class=\"font-bold text-lg lg:text-xl mb-3\"><\/h3>\n                <div class=\"prose\">\n                    \n                <\/div>\n            <\/div>\n        <\/div>\n\n                    <div class=\"grid lg:grid-cols-3 gap-4 mb-12\">\n                                                        <div class=\"p-7 rounded-md bg-brand-gray-100 border border-brand-gray-400 prose\">\n                        <h4>\u00c9conomie d\u2019\u00e9nergie<\/h4>\n                        <p>Nos projecteurs respectent des normes environnementales strictes, avec un design \u00e9co-responsable int\u00e9grant des m\u00e9canismes d\u2019\u00e9conomie d\u2019\u00e9nergie.<\/p>\n\n                    <\/div>\n                                                        <div class=\"p-7 rounded-md bg-brand-gray-100 border border-brand-gray-400 prose\">\n                        <h4>Compliance<\/h4>\n                        <p>Notre engagement en faveur de la durabilit\u00e9 va au-del\u00e0 du design, nos \u00e9crans \u00e9tant enti\u00e8rement conformes \u00e0 la norme IEEE Std 1680.1-2018, r\u00e9pondant et d\u00e9passant les crit\u00e8res de responsabilit\u00e9 environnementale et sociale.<\/p>\n\n                    <\/div>\n                                                        <div class=\"p-7 rounded-md bg-brand-gray-100 border border-brand-gray-400 prose\">\n                        <h4>Traitement des dechets<\/h4>\n                        <p>Nous assumons notre responsabilit\u00e9 en mati\u00e8re d\u2019\u00e9limination, en veillant \u00e0 ce que tous nos produits soient conformes \u00e0 la directive DEEE et soient soumis \u00e0 des m\u00e9thodes de destruction s\u00fbres et responsables.<\/p>\n\n                    <\/div>\n                            <\/div>\n        \n    <\/div>\n\n<\/div>\n\n\n<div data-aos=\"fade-up\" id=\"four-icon-boxes-block_b8138f98387f1822e113d500c6a6ab8e\" class=\"relative four-icon-boxes bg-white text-brand-gray-600  \" >\n\n    <div class=\"container py-12 relative z-10\">\n\n        <h2 class=\"font-bold text-xl lg:text-2xl max-w-2xl mb-12\">Notre contribution aux objectifs de d\u00e9veloppement durable de l\u2019ONU<\/h2>\n\n                    <div class=\"grid lg:grid-cols-2 xl:grid-cols-4 gap-6 mb-12\">\n                                                        <div class=\"flex flex-col\">\n                        <div class=\"aspect-square bg-cover bg-center flex-shrink-0\" style=\"background-image: url(https:\/\/vivitek.eu\/wp-content\/uploads\/2024\/01\/icon-1.png)\">\n                        <\/div>\n                        <div class=\"h-full flex flex-col justify-between px-6 pt-8 pb-9 border-b border-x border-brand-gray-400 rounded-b-md\">\n                            <h3 class=\"font-bold mb-4 text-lg xl:text-xl text-brand-gray-600\">\u00c9ducation de qualit\u00e9<\/h3>\n                            <div class=\"prose\">\n                                <p>Fournir des technologies \u00e9ducatives en classe pour garantir l\u2019\u00e9quit\u00e9 et la qualit\u00e9 de l\u2019\u00e9ducation pour tous les \u00e9l\u00e8ves.<\/p>\n\n                            <\/div>\n                        <\/div>\n                    <\/div>\n                                                        <div class=\"flex flex-col\">\n                        <div class=\"aspect-square bg-cover bg-center flex-shrink-0\" style=\"background-image: url(https:\/\/vivitek.eu\/wp-content\/uploads\/2024\/01\/icon-2.png)\">\n                        <\/div>\n                        <div class=\"h-full flex flex-col justify-between px-6 pt-8 pb-9 border-b border-x border-brand-gray-400 rounded-b-md\">\n                            <h3 class=\"font-bold mb-4 text-lg xl:text-xl text-brand-gray-600\">Travail d\u00e9cent et croissance \u00e9conomique<\/h3>\n                            <div class=\"prose\">\n                                <p>Cr\u00e9er des r\u00e9unions inclusives et productives pour tous les employ\u00e9s, am\u00e9liorant ainsi la qualit\u00e9 du travail.<\/p>\n\n                            <\/div>\n                        <\/div>\n                    <\/div>\n                                                        <div class=\"flex flex-col\">\n                        <div class=\"aspect-square bg-cover bg-center flex-shrink-0\" style=\"background-image: url(https:\/\/vivitek.eu\/wp-content\/uploads\/2024\/01\/icon-3.png)\">\n                        <\/div>\n                        <div class=\"h-full flex flex-col justify-between px-6 pt-8 pb-9 border-b border-x border-brand-gray-400 rounded-b-md\">\n                            <h3 class=\"font-bold mb-4 text-lg xl:text-xl text-brand-gray-600\">Villes et communaut\u00e9s durables<\/h3>\n                            <div class=\"prose\">\n                                <p>Proposer des solutions d\u2019affichage num\u00e9rique pour r\u00e9duire les d\u00e9chets, \u00e9conomiser l\u2019\u00e9nergie, am\u00e9liorer la communication et l\u2019engagement, et promouvoir les \u00e9conomies locales.<\/p>\n\n                            <\/div>\n                        <\/div>\n                    <\/div>\n                                                        <div class=\"flex flex-col\">\n                        <div class=\"aspect-square bg-cover bg-center flex-shrink-0\" style=\"background-image: url(https:\/\/vivitek.eu\/wp-content\/uploads\/2024\/01\/icon-4.png)\">\n                        <\/div>\n                        <div class=\"h-full flex flex-col justify-between px-6 pt-8 pb-9 border-b border-x border-brand-gray-400 rounded-b-md\">\n                            <h3 class=\"font-bold mb-4 text-lg xl:text-xl text-brand-gray-600\">Consommation et production responsables<\/h3>\n                            <div class=\"prose\">\n                                <p>R\u00e9duire l\u2019impact environnemental de nos produits tout au long de leur cycle de vie, depuis l\u2019extraction des mati\u00e8res premi\u00e8res jusqu\u2019\u00e0 l\u2019\u00e9limination ou le recyclage.<\/p>\n\n                            <\/div>\n                        <\/div>\n                    <\/div>\n                            <\/div>\n        \n    <\/div>\n\n<\/div>\n","protected":false},"excerpt":{"rendered":"","protected":false},"author":7,"featured_media":0,"parent":0,"menu_order":0,"comment_status":"closed","ping_status":"closed","template":"","meta":{"_acf_changed":false,"footnotes":""},"class_list":["post-13920","page","type-page","status-publish","hentry"],"acf":[],"_links":{"self":[{"href":"https:\/\/vivitek.eu\/fr\/wp-json\/wp\/v2\/pages\/13920","targetHints":{"allow":["GET"]}}],"collection":[{"href":"https:\/\/vivitek.eu\/fr\/wp-json\/wp\/v2\/pages"}],"about":[{"href":"https:\/\/vivitek.eu\/fr\/wp-json\/wp\/v2\/types\/page"}],"author":[{"embeddable":true,"href":"https:\/\/vivitek.eu\/fr\/wp-json\/wp\/v2\/users\/7"}],"replies":[{"embeddable":true,"href":"https:\/\/vivitek.eu\/fr\/wp-json\/wp\/v2\/comments?post=13920"}],"version-history":[{"count":0,"href":"https:\/\/vivitek.eu\/fr\/wp-json\/wp\/v2\/pages\/13920\/revisions"}],"wp:attachment":[{"href":"https:\/\/vivitek.eu\/fr\/wp-json\/wp\/v2\/media?parent=13920"}],"curies":[{"name":"wp","href":"https:\/\/api.w.org\/{rel}","templated":true}]}}