{"id":13908,"date":"2024-12-06T09:31:58","date_gmt":"2024-12-06T09:31:58","guid":{"rendered":"https:\/\/vivitek.eu\/?page_id=13908"},"modified":"2025-10-31T11:41:12","modified_gmt":"2025-10-31T11:41:12","slug":"pj-control","status":"publish","type":"page","link":"https:\/\/vivitek.eu\/fr\/pj-control\/","title":{"rendered":"PJ Control"},"content":{"rendered":"<div data-aos=\"fade\" id=\"banner-block_896f919a15defe2a62a5e30bd8971087\"\n\tclass=\"lg:-mt-[168px] relative banner bg-white text-brand-gray-600  \"\n\t\n>\n\n\t\t\t<div class=\"swiper-banner relative overflow-hidden\">\n\t\t\t<div class=\"swiper-wrapper\">\n\t\t\t\t\n\t\t\t\t\t\t\t\t\t\t\t<div class=\"relative h-full min-h-[584px] lg:min-h-[960px] swiper-slide\">\n\t\t\t\t\t\t\t<div class=\"absolute inset-0 z-10 bg-gradient-to-t lg:bg-gradient-to-r from-white from-40% to-80%\">\n\t\t\t\t\t\t\t\t<div class=\"container mx-auto h-full flex pb-9 items-end lg:pb-0 lg:items-center\">\n\t\t\t\t\t\t\t\t\t<div class=\"max-w-[80%] md:max-w-2xl\">\n\t\t\t\t\t\t\t\t\t\t<h2 class=\"-ml-1 text-[30px] lg:text-3xl font-bold text-brand-gray-600\">\n\t\t\t\t\t\t\t\t\t\t\tPrenez le contr\u00f4le total de vos projecteurs Vivitek avec l\u2019outil PJ-Control\n\t\t\t\t\t\t\t\t\t\t<\/h2>\n\n\t\t\t\t\t\t\t\t\t\t<div class=\"mt-4 lg:mt-28 flex flex-col space-y-4\"><a href=\"\/pj-software-demo\/\" target=\"\" class=\"button self-start\">T\u00e9l\u00e9charger le logiciel PJ Control<\/a><\/div>\t\t\t\t\t\t\t\t\t<\/div>\n\t\t\t\t\t\t\t\t<\/div>\n\t\t\t\t\t\t\t<\/div>\n\n\t\t\t\t\t\t\t\n\t\t\t\t\t\t\t\t\t\t\t\t\t\t\t<div class=\"absolute inset-0 bg-center bg-cover hidden lg:block\"\n\t\t\t\t\t\t\t\t\tstyle=\"background-image: url('https:\/\/vivitek.eu\/wp-content\/uploads\/2025\/01\/DU7295Z\u5834\u666f\u62fc\u63a5_20230517-02.png')\"\n\t\t\t\t\t\t\t\t><\/div>\n\t\t\t\t\t\t\t\n\t\t\t\t\t\t\t\t\t\t\t\t\t\t\t<div class=\"absolute inset-0 bg-center bg-cover block lg:hidden\"\n\t\t\t\t\t\t\t\t\tstyle=\"background-image: url('https:\/\/vivitek.eu\/wp-content\/uploads\/2025\/01\/DU7295Z\u5834\u666f\u62fc\u63a5_20230517-02.png')\"\n\t\t\t\t\t\t\t\t><\/div>\n\t\t\t\t\t\t\t\t\t\t\t\t\t<\/div>\n\t\t\t\t\t\n\t\t\t\t\n\t\t\t<\/div>\n\n\t\t\t\n\t\t\t\t\t<\/div>\n\t<\/div>\n\n\n<div data-aos=\"fade\" id=\"columned-content-block_c6a5ca4a63e48c06bd7b0500410784e8\" class=\"overflow-hidden !pb-14 lg:!pb-32 relative columned-content bg-brand-gray-300 text-brand-gray-600 pt-10 lg:pt-32 pb-10 lg:pb-12\" >\n\n\t<div class=\"relative z-10 mx-auto container\">\n\n\t\t\n\t\t\n\t\t<h2 class=\"text-lg lg:text-xl xl:text-2xl font-bold md:pb-8 pb-6\">Optimisez la gestion de vos projecteurs avec l\u2019outil PJ-Control !<\/h2>\n\n\t\t<div class=\"grid gap-12  items-center  grid-cols-1 md:grid-cols-2\">\n\t\t\t\t\n\t\t\t\t\t\n\t\t\t\t\t\t<div class=\"prose max-w-none order-1 col-span-1 md:order-1 md:col-span-1\">\n\t\t\t\t\t\t\t<p>Lib\u00e9rez tout le potentiel de vos projecteurs Vivitek en exploitant les puissantes fonctionnalit\u00e9s de l\u2019outil PJ-Control. Profitez d\u2019un contr\u00f4le \u00e0 distance fluide, de la planification et du suivi en temps r\u00e9el. Am\u00e9liorez votre installation audiovisuelle \u2014 adoptez l\u2019efficacit\u00e9, la pr\u00e9cision et la simplicit\u00e9. Essayez d\u00e8s maintenant PJ-Control pour une exp\u00e9rience de projection plus intelligente et plus fluide !<\/p>\n<p>&nbsp;<\/p>\n<p>L\u2019outil PJ-Control est un logiciel de contr\u00f4le avanc\u00e9 con\u00e7u pour les projecteurs Vivitek. Pens\u00e9 pour les installateurs de syst\u00e8mes audiovisuels et les professionnels informatiques en entreprise, cet outil centralis\u00e9 permet la gestion et la surveillance \u00e0 distance de plusieurs projecteurs Vivitek connect\u00e9s en r\u00e9seau.<\/p>\n<p>&nbsp;<\/p>\n\n\n\t\t\t\t\t\t\t\t\t\t\t\t\t\t\t<div class=\"flex flex-wrap gap-4 md:gap-8\">\n\t\t\t\t\t\t\t\t\t\t\t\t\t\t\t\t\t\t\t\t\t\t\t\t\t\t\t\t<a href=\"\/pj-software-demo\/\" target=\"\" class=\"button\">Download PJ Software<\/a>\n\t\t\t\t\t\t\t\t\t\t\t\t\t\t\t\t\t\t\t\t\t\t\t\t\t\t<\/div>\n\t\t\t\t\t\t\t\t\t\t\t\t\t<\/div>\n\n\t\t\t\t\t\t\n\t\t\t\t\n\t\t\t\t\t\n\t\t\t\t\t\t<div class=\"flex items-center justify-center order-1 col-span-1 md:order-2 md:col-span-1\">\n\t\t\t\t\t\t\t<img decoding=\"async\" class=\"max-w-[90%] md:w-full h-auto\" src=\"https:\/\/vivitek.eu\/wp-content\/uploads\/2025\/01\/PJ-Tool.png\" alt=\"\" title=\"\">\n\t\t\t\t\t\t<\/div>\n\n\t\t\t\t\t\n\t\t\t\t\n\t\t<\/div>\n\n\t<\/div>\n\n\t\n\t<\/div>\n\n\n<div data-aos=\"fade\" id=\"columned-content-block_500078935eb78a89cd280dd0d9a8d0ea\" class=\"overflow-hidden !pb-14 lg:!pb-32 relative columned-content bg-white text-brand-gray-600 pt-10 lg:pt-32 pb-0\" >\n\n\t<div class=\"relative z-10 mx-auto container\">\n\n\t\t\n\t\t\n\t\t<h2 class=\"text-lg lg:text-xl xl:text-2xl font-bold md:pb-8 pb-6\">PJ-Control Key Features<\/h2>\n\n\t\t<div class=\"grid gap-12  items-start  grid-cols-1 md:grid-cols-2 lg:grid-cols-3\">\n\t\t\t\t\n\t\t\t\t\t\n\t\t\t\t\t\t<div class=\"prose max-w-none order-1 col-span-1 md:order-1 md:col-span-1\">\n\t\t\t\t\t\t\t<ul>\n<li><strong>GESTION DU SYST\u00c8ME<\/strong><\/li>\n<li>G\u00e9rez et surveillez un ou plusieurs projecteurs sur le m\u00eame r\u00e9seau.<\/li>\n<\/ul>\n\n\n\t\t\t\t\t\t\t\t\t\t\t\t\t<\/div>\n\n\t\t\t\t\t\t\n\t\t\t\t\n\t\t\t\t\t\n\t\t\t\t\t\t<div class=\"prose max-w-none order-1 col-span-1 md:order-2 md:col-span-1\">\n\t\t\t\t\t\t\t<ul>\n<li><strong>CR\u00c9ATION DE GROUPES<\/strong><br \/>\nCr\u00e9ez des groupes, nommez-les et contr\u00f4lez plusieurs projecteurs simultan\u00e9ment.<\/li>\n<\/ul>\n\n\n\t\t\t\t\t\t\t\t\t\t\t\t\t<\/div>\n\n\t\t\t\t\t\t\n\t\t\t\t\n\t\t\t\t\t\n\t\t\t\t\t\t<div class=\"prose max-w-none order-1 col-span-1 md:order-3 md:col-span-1\">\n\t\t\t\t\t\t\t<ul>\n<li><strong>CONFIGURATION SIMPLE<\/strong><br \/>\nLes projecteurs sur le m\u00eame r\u00e9seau sont automatiquement d\u00e9tect\u00e9s et affich\u00e9s.<\/li>\n<\/ul>\n\n\n\t\t\t\t\t\t\t\t\t\t\t\t\t<\/div>\n\n\t\t\t\t\t\t\n\t\t\t\t\n\t\t\t\t\t\n\t\t\t\t\t\t<div class=\"prose max-w-none order-1 col-span-1 md:order-1 md:col-span-1\">\n\t\t\t\t\t\t\t<ul>\n<li><strong>TEMPS R\u00c9EL<\/strong><br \/>\nPrend en charge le polling pour obtenir l\u2019\u00e9tat du syst\u00e8me en temps r\u00e9el.<\/li>\n<\/ul>\n\n\n\t\t\t\t\t\t\t\t\t\t\t\t\t<\/div>\n\n\t\t\t\t\t\t\n\t\t\t\t\n\t\t\t\t\t\n\t\t\t\t\t\t<div class=\"prose max-w-none order-1 col-span-1 md:order-2 md:col-span-1\">\n\t\t\t\t\t\t\t<ul>\n<li><strong>WARP PERSONNALIS\u00c9<\/strong><br \/>\nFonction de <em>Custom Warping<\/em> permettant un ajustement pr\u00e9cis pour une correction d\u2019image tr\u00e8s fine. <em>(DU9900Z uniquement)<\/em><\/li>\n<\/ul>\n\n\n\t\t\t\t\t\t\t\t\t\t\t\t\t<\/div>\n\n\t\t\t\t\t\t\n\t\t\t\t\n\t\t\t\t\t\n\t\t\t\t\t\t<div class=\"prose max-w-none order-1 col-span-1 md:order-3 md:col-span-1\">\n\t\t\t\t\t\t\t<ul>\n<li><strong>MASQUAGE PERSONNALIS\u00c9<\/strong><br \/>\nMasquage en ligne et en bitmap pour cr\u00e9er des capacit\u00e9s de masquage. <em>(DU9900Z uniquement)<\/em><\/li>\n<\/ul>\n\n\n\t\t\t\t\t\t\t\t\t\t\t\t\t<\/div>\n\n\t\t\t\t\t\t\n\t\t\t\t\n\t\t<\/div>\n\n\t<\/div>\n\n\t\n\t<\/div>\n\n\n<div data-aos=\"fade-up\" id=\"full-width-cta-block_2d6ebec01a4c5a16688e9d516edd163b\" class=\"relative full-width-cta bg-white text-brand-gray-600 pt-0 pb-0\" >\n\n    <div class=\"py-16 md:py-28 bg-gradient-to-r from-brand-green from-20% to-brand-blue to-70%  \">\n\n        <div class=\"container text-center text-white\">\n            <h2 class=\"text-lg lg:text-xl xl:text-2xl font-bold pb-4\">Besoin de plus de conseils ou d\u2019accompagnement ?<\/h2>\n\n            \n            <div class=\"flex flex-wrap justify-center gap-4 pt-4 md:gap-8\">\n                                                            <a href=\"\/contact-us\/\" target=\"\" class=\"button button--white\">\n                            Faire une demande\n                        <\/a>\n                                                <\/div>\n        <\/div>\n    <\/div>\n<\/div>\n","protected":false},"excerpt":{"rendered":"","protected":false},"author":7,"featured_media":0,"parent":0,"menu_order":0,"comment_status":"closed","ping_status":"closed","template":"","meta":{"_acf_changed":false,"footnotes":""},"class_list":["post-13908","page","type-page","status-publish","hentry"],"acf":[],"_links":{"self":[{"href":"https:\/\/vivitek.eu\/fr\/wp-json\/wp\/v2\/pages\/13908","targetHints":{"allow":["GET"]}}],"collection":[{"href":"https:\/\/vivitek.eu\/fr\/wp-json\/wp\/v2\/pages"}],"about":[{"href":"https:\/\/vivitek.eu\/fr\/wp-json\/wp\/v2\/types\/page"}],"author":[{"embeddable":true,"href":"https:\/\/vivitek.eu\/fr\/wp-json\/wp\/v2\/users\/7"}],"replies":[{"embeddable":true,"href":"https:\/\/vivitek.eu\/fr\/wp-json\/wp\/v2\/comments?post=13908"}],"version-history":[{"count":0,"href":"https:\/\/vivitek.eu\/fr\/wp-json\/wp\/v2\/pages\/13908\/revisions"}],"wp:attachment":[{"href":"https:\/\/vivitek.eu\/fr\/wp-json\/wp\/v2\/media?parent=13908"}],"curies":[{"name":"wp","href":"https:\/\/api.w.org\/{rel}","templated":true}]}}