{"id":13876,"date":"2025-04-30T09:38:58","date_gmt":"2025-04-30T08:38:58","guid":{"rendered":"https:\/\/vivitek.eu\/?page_id=13876"},"modified":"2025-10-30T12:57:23","modified_gmt":"2025-10-30T12:57:23","slug":"led-video-wall","status":"publish","type":"page","link":"https:\/\/vivitek.eu\/fr\/led-video-wall\/","title":{"rendered":"LED Video Wall"},"content":{"rendered":"<div data-aos=\"fade\" id=\"banner-block_9ee92a20eb291e30fd71b9233817dd63\"\n\tclass=\"lg:-mt-[168px] relative banner bg-white text-brand-gray-600  \"\n\t\n>\n\n\t\t\t<div class=\"swiper-banner relative overflow-hidden\">\n\t\t\t<div class=\"swiper-wrapper\">\n\t\t\t\t\n\t\t\t\t\t\t\t\t\t\t\t<div class=\"relative h-full min-h-[584px] lg:min-h-[960px] swiper-slide\">\n\t\t\t\t\t\t\t<div class=\"absolute inset-0 z-10 bg-gradient-to-t lg:bg-gradient-to-r from-white from-40% to-80%\">\n\t\t\t\t\t\t\t\t<div class=\"container mx-auto h-full flex pb-9 items-end lg:pb-0 lg:items-center\">\n\t\t\t\t\t\t\t\t\t<div class=\"max-w-[80%] md:max-w-2xl\">\n\t\t\t\t\t\t\t\t\t\t<h2 class=\"-ml-1 text-[30px] lg:text-3xl font-bold text-brand-gray-600\">\n\t\t\t\t\t\t\t\t\t\t\tNovoWall \u2013 \u00c9cran LED intelligent tout-en-un\n\t\t\t\t\t\t\t\t\t\t<\/h2>\n\n\t\t\t\t\t\t\t\t\t\t<div class=\"mt-4 lg:mt-28 flex flex-col space-y-4\"><a href=\"https:\/\/vivitek.eu\/wp-content\/uploads\/2025\/06\/VVK-NovoWall-NWH-135_Datasheet_v1.5.pdf\" target=\"\" class=\"button self-start\">T\u00e9l\u00e9charger la fiche produit<\/a><\/div>\t\t\t\t\t\t\t\t\t<\/div>\n\t\t\t\t\t\t\t\t<\/div>\n\t\t\t\t\t\t\t<\/div>\n\n\t\t\t\t\t\t\t\n\t\t\t\t\t\t\t\t\t\t\t\t\t\t\t<div class=\"absolute inset-0 bg-center bg-cover hidden lg:block\"\n\t\t\t\t\t\t\t\t\tstyle=\"background-image: url('https:\/\/vivitek.eu\/wp-content\/uploads\/2025\/05\/LP-HEADER-V2.png')\"\n\t\t\t\t\t\t\t\t><\/div>\n\t\t\t\t\t\t\t\n\t\t\t\t\t\t\t\t\t\t\t\t\t\t\t<div class=\"absolute inset-0 bg-center bg-cover block lg:hidden\"\n\t\t\t\t\t\t\t\t\tstyle=\"background-image: url('https:\/\/vivitek.eu\/wp-content\/uploads\/2025\/05\/LP-HEADER-V2.png')\"\n\t\t\t\t\t\t\t\t><\/div>\n\t\t\t\t\t\t\t\t\t\t\t\t\t<\/div>\n\t\t\t\t\t\n\t\t\t\t\n\t\t\t<\/div>\n\n\t\t\t\n\t\t\t\t\t<\/div>\n\t<\/div>\n\n\n<div data-aos=\"fade\" id=\"columned-content-block_5255abcfd5e4ac2847d01d1c42fffa75\" class=\"overflow-hidden !pb-14 lg:!pb-32 relative columned-content bg-brand-gray-300 text-brand-gray-600 pt-10 lg:pt-32 pb-10 lg:pb-12\" >\n\n\t<div class=\"relative z-10 mx-auto container\">\n\n\t\t\n\t\t\n\t\t<h2 class=\"text-lg lg:text-xl xl:text-2xl font-bold md:pb-8 pb-6\">NovoWall \u2013 \u00c9cran LED tout-en-un<\/h2>\n\n\t\t<div class=\"grid gap-12  items-center  grid-cols-1 md:grid-cols-2\">\n\t\t\t\t\n\t\t\t\t\t\n\t\t\t\t\t\t<div class=\"prose max-w-none order-1 col-span-1 md:order-1 md:col-span-1\">\n\t\t\t\t\t\t\t<p>Le NovoWall est une solution LED tout-en-un polyvalente et performante, con\u00e7ue pour les environnements professionnels et \u00e9ducatifs. Dot\u00e9 du syst\u00e8me d\u2019exploitation Windows 11 int\u00e9gr\u00e9, il permet aux utilisateurs d\u2019ex\u00e9cuter leurs propres applications avec une flexibilit\u00e9 et une efficacit\u00e9 optimales.<\/p>\n<p>Le NovoWall int\u00e8gre \u00e9galement NovoConnect Stage de Vivitek, un logiciel de collaboration prim\u00e9 bas\u00e9 sur Windows, qui favorise le travail d\u2019\u00e9quipe gr\u00e2ce \u00e0 la pr\u00e9sentation sans fil, au partage d\u2019\u00e9cran et \u00e0 la collaboration en temps r\u00e9el.<br \/>\nGr\u00e2ce \u00e0 ses multiples interfaces int\u00e9gr\u00e9es, le NovoWall offre une large compatibilit\u00e9 avec divers appareils, ce qui en fait une solution id\u00e9ale pour la visioconf\u00e9rence et les r\u00e9unions hybrides.<br \/>\nCet \u00e9cran tout-en-un int\u00e8gre l\u2019affichage, le contr\u00f4leur, l\u2019audio et l\u2019alimentation dans un design \u00e9l\u00e9gant et fin, facile \u00e0 installer et \u00e0 entretenir.<\/p>\n<p>Avec son pitch fin, sa forte luminosit\u00e9 et ses larges angles de vision, il garantit des images nettes et \u00e9clatantes, quel que soit l\u2019environnement.\u00a0 Con\u00e7u pour une utilisation plug &amp; play simple, un fonctionnement silencieux sans ventilateur et une fiabilit\u00e9 24h\/24 et 7j\/7, le NovoWall offre une exp\u00e9rience moderne et intuitive, parfaitement adapt\u00e9e aux espaces de travail et d\u2019apprentissage connect\u00e9s d\u2019aujourd\u2019hui.<\/p>\n<p>&nbsp;<\/p>\n<p>&nbsp;<\/p>\n\n\n\t\t\t\t\t\t\t\t\t\t\t\t\t\t\t<div class=\"flex flex-wrap gap-4 md:gap-8\">\n\t\t\t\t\t\t\t\t\t\t\t\t\t\t\t\t\t\t\t\t\t\t\t\t\t\t\t\t<a href=\"https:\/\/vivitek.eu\/wp-content\/uploads\/2025\/06\/VVK-NovoWall-NWH-135_Datasheet_v1.5.pdf\" target=\"\" class=\"button\">T\u00e9l\u00e9charger la fiche produit<\/a>\n\t\t\t\t\t\t\t\t\t\t\t\t\t\t\t\t\t\t\t\t\t\t\t\t\t\t<\/div>\n\t\t\t\t\t\t\t\t\t\t\t\t\t<\/div>\n\n\t\t\t\t\t\t\n\t\t\t\t\n\t\t\t\t\t\n\t\t\t\t\t\t<div class=\"flex items-center justify-center order-1 col-span-1 md:order-2 md:col-span-1\">\n\t\t\t\t\t\t\t<img decoding=\"async\" class=\"max-w-[90%] md:w-full h-auto\" src=\"https:\/\/vivitek.eu\/wp-content\/uploads\/2025\/04\/NovoWall--scaled.png\" alt=\"\" title=\"\">\n\t\t\t\t\t\t<\/div>\n\n\t\t\t\t\t\n\t\t\t\t\n\t\t<\/div>\n\n\t<\/div>\n\n\t\n\t<\/div>\n\n\n<div data-aos=\"fade\" id=\"columned-content-block_a6c6b32e07064da8dcce4f9195e90002\" class=\"overflow-hidden !pb-14 lg:!pb-32 relative columned-content bg-white text-brand-gray-600 pt-10 lg:pt-32 pb-0\" >\n\n\t<div class=\"relative z-10 mx-auto container\">\n\n\t\t\n\t\t\n\t\t<h2 class=\"text-lg lg:text-xl xl:text-2xl font-bold md:pb-8 pb-6\">Principales fonctionnalit\u00e9s<\/h2>\n\n\t\t<div class=\"grid gap-12  items-start  grid-cols-1 md:grid-cols-2 lg:grid-cols-3\">\n\t\t\t\t\n\t\t\t\t\t\n\t\t\t\t\t\t<div class=\"prose max-w-none order-1 col-span-1 md:order-1 md:col-span-1\">\n\t\t\t\t\t\t\t<ul>\n<li><strong>NovoWall<\/strong><br \/>\nCon\u00e7u pour des visioconf\u00e9rences de haute qualit\u00e9, le NovoWall offre une exp\u00e9rience de r\u00e9union fluide et interactive, avec un son et une image d\u2019une clart\u00e9 exceptionnelle.<br \/>\nIl prend en charge de multiples options de connectivit\u00e9 et est compatible avec les principales plateformes de visioconf\u00e9rence. Les utilisateurs peuvent interagir en temps r\u00e9el, rendant les \u00e9changes \u00e0 distance plus dynamiques, productifs et efficaces.<\/li>\n<\/ul>\n\n\n\t\t\t\t\t\t\t\t\t\t\t\t\t<\/div>\n\n\t\t\t\t\t\t\n\t\t\t\t\n\t\t\t\t\t\n\t\t\t\t\t\t<div class=\"prose max-w-none order-1 col-span-1 md:order-2 md:col-span-1\">\n\t\t\t\t\t\t\t<ul>\n<li><strong>NovoConnect Stage<\/strong><br \/>\nUne plateforme tout-en-un qui r\u00e9unit la pr\u00e9sentation sans fil et la visioconf\u00e9rence au sein d\u2019une solution fluide et int\u00e9gr\u00e9e.<br \/>\nId\u00e9al pour les r\u00e9unions hybrides et les salles de classe interactives, NovoConnect Stage permet un partage de contenu intuitif et une collaboration efficace, que vous soyez sur place ou \u00e0 distance. Gr\u00e2ce \u00e0 ses nombreuses possibilit\u00e9s d\u2019int\u00e9gration, c\u2019est le choix id\u00e9al pour les bureaux modernes et les \u00e9tablissements d\u2019enseignement.<\/li>\n<\/ul>\n\n\n\t\t\t\t\t\t\t\t\t\t\t\t\t<\/div>\n\n\t\t\t\t\t\t\n\t\t\t\t\n\t\t\t\t\t\n\t\t\t\t\t\t<div class=\"prose max-w-none order-1 col-span-1 md:order-3 md:col-span-1\">\n\t\t\t\t\t\t\t<ul>\n<li><strong>Collaboration intelligente pour les espaces de travail modernes<\/strong><br \/>\nOffrez \u00e0 votre \u00e9quipe des outils innovants con\u00e7us pour transformer votre fa\u00e7on de vous connecter, de pr\u00e9senter et de collaborer.<\/li>\n<\/ul>\n<p>&nbsp;<\/p>\n\n\n\t\t\t\t\t\t\t\t\t\t\t\t\t<\/div>\n\n\t\t\t\t\t\t\n\t\t\t\t\n\t\t<\/div>\n\n\t<\/div>\n\n\t\n\t<\/div>\n\n\n<div data-aos=\"fade-up\" id=\"full-width-cta-block_693fdb2280f60d39824dab4ea3a21073\" class=\"relative full-width-cta bg-white text-brand-gray-600 pt-0 pb-0\" >\n\n    <div class=\"py-16 md:py-28 bg-gradient-to-r from-brand-green from-20% to-brand-blue to-70%  \">\n\n        <div class=\"container text-center text-white\">\n            <h2 class=\"text-lg lg:text-xl xl:text-2xl font-bold pb-4\">Besoin de plus de conseils ou d\u2019accompagnement ?<\/h2>\n\n            \n            <div class=\"flex flex-wrap justify-center gap-4 pt-4 md:gap-8\">\n                                                            <a href=\"\/contact-us\/\" target=\"\" class=\"button button--white\">\n                            Faire une demande\n                        <\/a>\n                                                <\/div>\n        <\/div>\n    <\/div>\n<\/div>\n\n\n<div data-aos=\"fade\" id=\"cta-slider-block_60bec7a68665ca6f6afb91bc4c3e8332\" class=\"relative cta-slider bg-white text-brand-gray-600 pt-0 pb-0\" >\n\n\t<div class=\"relative overflow-hidden z-20\">\n\t\n\t\t<div class=\"container relative z-20 py-6 md:py-32\">\n\t\t\t<div class=\"block md:flex md:items-center\">\n\t\t\t\t<div class=\"w-full md:w-2\/5\">\n\t\t\t\t\t\n\n\t\t\t\t\t<div class=\"overflow-hidden cta-slider-slider cursor-grab\">\n\t\t\t\t\t\t<div class=\"swiper-wrapper\">\n\t\t\t\t\t\t\t\t\t\t\t\t\t\t\t\n\t\t\t\t\t\t\t\t<div class=\"swiper-slide\">\n\t\t\t\t\t\t\t\t\t<h3 class=\"pb-6 text-lg font-bold lg:text-xl md:pb-8\">Innovations, durabilit\u00e9 et responsabilit\u00e9<\/h3>\n\t\t\t\t\t\t\t\t\t<p class=\"p1\">Chez Delta et Vivitek, l\u2019innovation est \u00e9troitement li\u00e9e \u00e0 la responsabilit\u00e9 environnementale.<br \/>\nNotre objectif est d\u2019offrir un espace de travail connect\u00e9 de la mani\u00e8re la plus durable possible.<\/p>\n\n\t\t\t\t\t\t\t\t\t<div class=\"flex flex-wrap gap-4 pt-6 md:pt-8 md:gap-8\">\n\t\t\t\t\t\t\t\t\t\t\t\t\t\t\t\t\t\t\t\t\t\t\t\t\t\t\t\t\t\t\t\t\t<a href=\"https:\/\/vivitek.eu\/fr\/adopter-une-vision-visant-a-offrir-un-espace-de-travail-connecte-de-la-maniere-la-plus-durable-possible\/\" target=\"\" class=\"button\">En savoir plus<\/a>\n\t\t\t\t\t\t\t\t\t\t\t\t\t\t\t\t\t\t\t\t\t\t\t\t\t\t\t\t\t\t\t\t\t\t\t\t\t\t\t\t\t\t\t\t<a href=\"https:\/\/vivitek.eu\/contact-us\/\" target=\"\" class=\"button\">Demande de renseignement<\/a>\n\t\t\t\t\t\t\t\t\t\t\t\t\t\t\t\t\t\t\t\t\t\t\t\t\t\t\t\t\t\t<\/div>\n\t\t\t\t\t\t\t\t<\/div>\n\t\t\t\t\t\t\t\t\t\t\t\t\t\t\t\n\t\t\t\t\t\t\t\t<div class=\"swiper-slide\">\n\t\t\t\t\t\t\t\t\t<h3 class=\"pb-6 text-lg font-bold lg:text-xl md:pb-8\">Contactez-nous<\/h3>\n\t\t\t\t\t\t\t\t\t<p class=\"p1\">Nous accordons une grande importance \u00e0 vos retours et sommes impatients de conna\u00eetre vos commentaires et suggestions.<br \/>\nVos remarques jouent un r\u00f4le essentiel dans l\u2019am\u00e9lioration de notre exp\u00e9rience client.<br \/>\nContactez-nous d\u00e8s aujourd\u2019hui \u2014 ensemble, nous pouvons faire encore mieux !<\/p>\n\n\t\t\t\t\t\t\t\t\t<div class=\"flex flex-wrap gap-4 pt-6 md:pt-8 md:gap-8\">\n\t\t\t\t\t\t\t\t\t\t\t\t\t\t\t\t\t\t\t\t\t\t\t\t\t\t\t\t\t\t\t\t\t<a href=\"https:\/\/vivitek.eu\/contact-us\/\" target=\"\" class=\"button\">Demande de renseignement<\/a>\n\t\t\t\t\t\t\t\t\t\t\t\t\t\t\t\t\t\t\t\t\t\t\t\t\t\t\t\t\t\t<\/div>\n\t\t\t\t\t\t\t\t<\/div>\n\t\t\t\t\t\t\t\t\t\t\t\t\t<\/div>\n\t\t\t\t\t\t<div class=\"hidden lg:block mx-1 mt-12 cta-slider-scrollbar\"><\/div>\n\t\t\t\t\t<\/div>\n\t\t\t\t<\/div>\n\n\t\t\t\t\n\t\t\t\t<div class=\"block lg:hidden relative top-0 right-0 object-cover object-center w-full md:w-3\/5 h-1\/2 md:h-full\">\n\t\t\t\t\t<div class=\"absolute w-full h-full bg-gradient-to-b from-white z-10\"><\/div>\n\t\t\t\t\t<div class=\"md:h-full overflow-hidden cta-slider-slider-mobile cursor-grab\">\n\t\t\t\t\t\t<div class=\"swiper-wrapper\">\n\t\t\t\t\t\t\t\t\t\t\t\t\t\t\t<div class=\"swiper-slide\">\n\t\t\t\t\t\t\t\t\t<img loading=\"lazy\" decoding=\"async\" width=\"1200\" height=\"800\" src=\"https:\/\/vivitek.eu\/wp-content\/uploads\/2023\/10\/greener.jpg\" class=\"object-center object-cover h-full w-auto\" alt=\"\" srcset=\"https:\/\/vivitek.eu\/wp-content\/uploads\/2023\/10\/greener.jpg 1200w, https:\/\/vivitek.eu\/wp-content\/uploads\/2023\/10\/greener-300x200.jpg 300w, https:\/\/vivitek.eu\/wp-content\/uploads\/2023\/10\/greener-1024x683.jpg 1024w, https:\/\/vivitek.eu\/wp-content\/uploads\/2023\/10\/greener-768x512.jpg 768w\" sizes=\"(max-width: 1200px) 100vw, 1200px\" title=\"\">\t\t\t\t\t\t\t\t<\/div>\n\t\t\t\t\t\t\t\t\t\t\t\t\t\t\t<div class=\"swiper-slide\">\n\t\t\t\t\t\t\t\t\t<img loading=\"lazy\" decoding=\"async\" width=\"1933\" height=\"1288\" src=\"https:\/\/vivitek.eu\/wp-content\/uploads\/2023\/10\/side-view-man-using-smartphone.jpg\" class=\"object-center object-cover h-full w-auto\" alt=\"\" srcset=\"https:\/\/vivitek.eu\/wp-content\/uploads\/2023\/10\/side-view-man-using-smartphone.jpg 1933w, https:\/\/vivitek.eu\/wp-content\/uploads\/2023\/10\/side-view-man-using-smartphone-300x200.jpg 300w, https:\/\/vivitek.eu\/wp-content\/uploads\/2023\/10\/side-view-man-using-smartphone-1024x682.jpg 1024w, https:\/\/vivitek.eu\/wp-content\/uploads\/2023\/10\/side-view-man-using-smartphone-768x512.jpg 768w, https:\/\/vivitek.eu\/wp-content\/uploads\/2023\/10\/side-view-man-using-smartphone-1536x1023.jpg 1536w\" sizes=\"(max-width: 1933px) 100vw, 1933px\" title=\"\">\t\t\t\t\t\t\t\t<\/div>\n\t\t\t\t\t\t\t\t\t\t\t\t\t<\/div>\n\t\t\t\t\t<\/div>\n\t\t\t\t<\/div>\n\n\t\t\t<\/div>\n\t\t<\/div>\n\n\t\t\n\t\t<div class=\"hidden lg:block absolute top-0 left-1\/2 right-0 bottom-0\">\n\t\t\t<div class=\"absolute left-0 w-full h-full md:bg-gradient-to-r bg-gradient-to-b from-white z-10\"><\/div>\n\t\t\t<div class=\"md:h-full overflow-hidden cta-slider-slider cursor-grab\">\n\t\t\t\t<div class=\"swiper-wrapper\">\n\t\t\t\t\t\t\t\t\t\t\t<div class=\"swiper-slide bg-no-repeat bg-cover bg-center bg-right\" style=\"background-image: url('https:\/\/vivitek.eu\/wp-content\/uploads\/2023\/10\/greener.jpg')\"><\/div>\n\t\t\t\t\t\t\t\t\t\t\t<div class=\"swiper-slide bg-no-repeat bg-cover bg-center bg-right\" style=\"background-image: url('https:\/\/vivitek.eu\/wp-content\/uploads\/2023\/10\/side-view-man-using-smartphone.jpg')\"><\/div>\n\t\t\t\t\t\t\t\t\t<\/div>\n\t\t\t<\/div>\n\t\t<\/div>\n\n\t\t<div class=\"hidden lg:hidden relative z-20 mx-4 mt-6\">\n\t\t\t<div class=\"mx-1 cta-slider-mobile-scrollbar\"><\/div>\n\t\t<\/div>\n\n\t<\/div>\n\n<\/div>\n","protected":false},"excerpt":{"rendered":"","protected":false},"author":7,"featured_media":0,"parent":0,"menu_order":0,"comment_status":"closed","ping_status":"closed","template":"","meta":{"_acf_changed":false,"footnotes":""},"class_list":["post-13876","page","type-page","status-publish","hentry"],"acf":[],"_links":{"self":[{"href":"https:\/\/vivitek.eu\/fr\/wp-json\/wp\/v2\/pages\/13876","targetHints":{"allow":["GET"]}}],"collection":[{"href":"https:\/\/vivitek.eu\/fr\/wp-json\/wp\/v2\/pages"}],"about":[{"href":"https:\/\/vivitek.eu\/fr\/wp-json\/wp\/v2\/types\/page"}],"author":[{"embeddable":true,"href":"https:\/\/vivitek.eu\/fr\/wp-json\/wp\/v2\/users\/7"}],"replies":[{"embeddable":true,"href":"https:\/\/vivitek.eu\/fr\/wp-json\/wp\/v2\/comments?post=13876"}],"version-history":[{"count":0,"href":"https:\/\/vivitek.eu\/fr\/wp-json\/wp\/v2\/pages\/13876\/revisions"}],"wp:attachment":[{"href":"https:\/\/vivitek.eu\/fr\/wp-json\/wp\/v2\/media?parent=13876"}],"curies":[{"name":"wp","href":"https:\/\/api.w.org\/{rel}","templated":true}]}}